{"id":1654,"date":"2015-04-13T19:32:20","date_gmt":"2015-04-13T22:32:20","guid":{"rendered":"http:\/\/darksalmon-goshawk-758951.hostingersite.com\/?page_id=1654"},"modified":"2020-10-01T18:27:20","modified_gmt":"2020-10-01T21:27:20","slug":"voces-que-inspiran","status":"publish","type":"page","link":"https:\/\/catunescomujer.org\/gisalc\/voces-que-inspiran\/","title":{"rendered":"Voces que inspiran &#8211; Pilares que transforman"},"content":{"rendered":"<div class=\"wpb-content-wrapper\"><p>[vc_row][vc_column]<div class=\"divider_block clearfix\"><hr class=\"divider first\"><hr class=\"divider subheader_arrow\"><hr class=\"divider last\"><\/div>[\/vc_column][\/vc_row][vc_row css=\u00bb.vc_custom_1432164033799{margin-top: 10px !important;}\u00bb][vc_column width=\u00bb2\/3&#8243;]<div class=\"vc_row wpb_row vc_row-fluid\"><ul class=\"blog clearfix big\"><li class=\" post post-6220 type-post status-publish format-image has-post-thumbnail hentry category-recursos category-ciencia category-ciencia-recursos category-conferencias category-entrevistas category-investigacion post_format-post-format-image\"><a class=\"post_image\" href=\"https:\/\/catunescomujer.org\/gisalc\/la-20a-cumbre-de-genero-lac-se-llevara-a-cabo-este-ano\/\" title=\"La 20\u00aa Cumbre de G\u00e9nero &#8211; LAC se llevar\u00e1 a cabo este a\u00f1o\"><img loading=\"lazy\" decoding=\"async\" width=\"330\" height=\"242\" src=\"https:\/\/catunescomujer.org\/gisalc\/wp-content\/uploads\/2021\/07\/gsummit2021-330x242.jpg\" class=\"attachment-blog-post-thumb size-blog-post-thumb wp-post-image\" alt=\"La 20\u00aa Cumbre de G\u00e9nero &#8211; LAC se llevar\u00e1 a cabo este a\u00f1o\" title=\"\" srcset=\"https:\/\/catunescomujer.org\/gisalc\/wp-content\/uploads\/2021\/07\/gsummit2021-330x242.jpg 330w, https:\/\/catunescomujer.org\/gisalc\/wp-content\/uploads\/2021\/07\/gsummit2021-510x374.jpg 510w, https:\/\/catunescomujer.org\/gisalc\/wp-content\/uploads\/2021\/07\/gsummit2021-130x95.jpg 130w\" sizes=\"auto, (max-width: 330px) 100vw, 330px\" \/><\/a><div class=\"post_content\"><h2 class=\"clearfix\"><a href=\"https:\/\/catunescomujer.org\/gisalc\/la-20a-cumbre-de-genero-lac-se-llevara-a-cabo-este-ano\/\" title=\"La 20\u00aa Cumbre de G\u00e9nero &#8211; LAC se llevar\u00e1 a cabo este a\u00f1o\">La 20\u00aa Cumbre de G\u00e9nero &#8211; LAC se llevar\u00e1 a cabo este a\u00f1o<\/a><\/h2>La muy esperada 20\u00aa Cumbre de G\u00e9nero - LAC tendr\u00e1 lugar del 15 al 23 de septiembre de 2021, como un evento virtual. El programa incluye discursos de bienvenida de influyentes l\u00edderes en las ciencias, cuatro conferencias magistrales, 11 sesiones plenarias con 80 destacadas ponencias, varias sesiones de trabajo en grupo y presentaciones de carteles.\u00a0<a title=\"READ MORE\" href=\"https:\/\/catunescomujer.org\/gisalc\/la-20a-cumbre-de-genero-lac-se-llevara-a-cabo-este-ano\/\" class=\"read_more\"><span class=\"arrow\"><\/span><span>READ MORE<\/span><\/a><\/div><\/li><li class=\" post post-6216 type-post status-publish format-image has-post-thumbnail hentry category-recursos category-ciencia-recursos category-comunicacion category-entrevistas post_format-post-format-image\"><a class=\"post_image\" href=\"https:\/\/catunescomujer.org\/gisalc\/aportes-historicos-de-mujeres-en-ciencias-de-la-salud\/\" title=\"Aportes hist\u00f3ricos de mujeres en ciencias de la salud\"><img loading=\"lazy\" decoding=\"async\" width=\"330\" height=\"242\" src=\"https:\/\/catunescomujer.org\/gisalc\/wp-content\/uploads\/2021\/07\/juana-gervasoni-330x242.jpg\" class=\"attachment-blog-post-thumb size-blog-post-thumb wp-post-image\" alt=\"Aportes hist\u00f3ricos de mujeres en ciencias de la salud\" title=\"\" srcset=\"https:\/\/catunescomujer.org\/gisalc\/wp-content\/uploads\/2021\/07\/juana-gervasoni-330x242.jpg 330w, https:\/\/catunescomujer.org\/gisalc\/wp-content\/uploads\/2021\/07\/juana-gervasoni-510x374.jpg 510w, https:\/\/catunescomujer.org\/gisalc\/wp-content\/uploads\/2021\/07\/juana-gervasoni-130x95.jpg 130w\" sizes=\"auto, (max-width: 330px) 100vw, 330px\" \/><\/a><div class=\"post_content\"><h2 class=\"clearfix\"><a href=\"https:\/\/catunescomujer.org\/gisalc\/aportes-historicos-de-mujeres-en-ciencias-de-la-salud\/\" title=\"Aportes hist\u00f3ricos de mujeres en ciencias de la salud\">Aportes hist\u00f3ricos de mujeres en ciencias de la salud<\/a><\/h2><p>Entrevista a Juana Gervasoni<\/p>\n<a title=\"READ MORE\" href=\"https:\/\/catunescomujer.org\/gisalc\/aportes-historicos-de-mujeres-en-ciencias-de-la-salud\/\" class=\"read_more\"><span class=\"arrow\"><\/span><span>READ MORE<\/span><\/a><\/div><\/li><li class=\" post post-6191 type-post status-publish format-image has-post-thumbnail hentry category-recursos category-ciencia category-entrevistas category-equipo-consultor category-tecnologia post_format-post-format-image\"><a class=\"post_image\" href=\"https:\/\/catunescomujer.org\/gisalc\/entrevista-a-gloria-bonder-cientificas-pisan-fuerte-en-america-latina-pero-persisten-las-brechas-de-genero\/\" title=\"Entrevista a Gloria Bonder: \u00abCient\u00edficas pisan fuerte en Am\u00e9rica Latina, pero persisten las brechas de g\u00e9nero\u00bb\"><img loading=\"lazy\" decoding=\"async\" width=\"330\" height=\"242\" src=\"https:\/\/catunescomujer.org\/gisalc\/wp-content\/uploads\/2021\/07\/Gloria-Bonder-Flacso-1-330x242.jpg\" class=\"attachment-blog-post-thumb size-blog-post-thumb wp-post-image\" alt=\"Entrevista a Gloria Bonder: \u00abCient\u00edficas pisan fuerte en Am\u00e9rica Latina, pero persisten las brechas de g\u00e9nero\u00bb\" title=\"\" srcset=\"https:\/\/catunescomujer.org\/gisalc\/wp-content\/uploads\/2021\/07\/Gloria-Bonder-Flacso-1-330x242.jpg 330w, https:\/\/catunescomujer.org\/gisalc\/wp-content\/uploads\/2021\/07\/Gloria-Bonder-Flacso-1-510x374.jpg 510w, https:\/\/catunescomujer.org\/gisalc\/wp-content\/uploads\/2021\/07\/Gloria-Bonder-Flacso-1-130x95.jpg 130w\" sizes=\"auto, (max-width: 330px) 100vw, 330px\" \/><\/a><div class=\"post_content\"><h2 class=\"clearfix\"><a href=\"https:\/\/catunescomujer.org\/gisalc\/entrevista-a-gloria-bonder-cientificas-pisan-fuerte-en-america-latina-pero-persisten-las-brechas-de-genero\/\" title=\"Entrevista a Gloria Bonder: \u00abCient\u00edficas pisan fuerte en Am\u00e9rica Latina, pero persisten las brechas de g\u00e9nero\u00bb\">Entrevista a Gloria Bonder: \u00abCient\u00edficas pisan fuerte en Am\u00e9rica Latina, pero persisten las brechas de g\u00e9nero\u00bb<\/a><\/h2>Entrevista realizada el 12 de Mayo por la agencia de noticias Reuters. Compartimos esta nota realizada a Gloria Bonder, junto a otras referentes en el campo como Lidia Brito (directora de Ciencias de la UNESCO para Am\u00e9rica Latina y el Caribe) y Silvina Sonzogni, (licenciada en Gen\u00e9tica y doctora en Qu\u00edmica Biol\u00f3gica de la Universidad<a title=\"READ MORE\" href=\"https:\/\/catunescomujer.org\/gisalc\/entrevista-a-gloria-bonder-cientificas-pisan-fuerte-en-america-latina-pero-persisten-las-brechas-de-genero\/\" class=\"read_more\"><span class=\"arrow\"><\/span><span>READ MORE<\/span><\/a><\/div><\/li><li class=\" post post-5839 type-post status-publish format-standard has-post-thumbnail hentry category-recursos category-comunicacion category-entrevistas\"><a class=\"post_image\" href=\"https:\/\/catunescomujer.org\/gisalc\/cual-es-la-situacion-actual-de-la-igualdad-de-genero-en-el-sector-cientifico-latinoamericano\/\" title=\"\u00bfCu\u00e1l es la situaci\u00f3n actual de la igualdad de g\u00e9nero en el sector cient\u00edfico latinoamericano?\"><img loading=\"lazy\" decoding=\"async\" width=\"330\" height=\"242\" src=\"https:\/\/catunescomujer.org\/gisalc\/wp-content\/uploads\/2020\/02\/nil\u00f1as-en-la-cienca-entrevista-330x242.png\" class=\"attachment-blog-post-thumb size-blog-post-thumb wp-post-image\" alt=\"\u00bfCu\u00e1l es la situaci\u00f3n actual de la igualdad de g\u00e9nero en el sector cient\u00edfico latinoamericano?\" title=\"\" srcset=\"https:\/\/catunescomujer.org\/gisalc\/wp-content\/uploads\/2020\/02\/nil\u00f1as-en-la-cienca-entrevista-330x242.png 330w, https:\/\/catunescomujer.org\/gisalc\/wp-content\/uploads\/2020\/02\/nil\u00f1as-en-la-cienca-entrevista-510x374.png 510w, https:\/\/catunescomujer.org\/gisalc\/wp-content\/uploads\/2020\/02\/nil\u00f1as-en-la-cienca-entrevista-130x95.png 130w\" sizes=\"auto, (max-width: 330px) 100vw, 330px\" \/><\/a><div class=\"post_content\"><h2 class=\"clearfix\"><a href=\"https:\/\/catunescomujer.org\/gisalc\/cual-es-la-situacion-actual-de-la-igualdad-de-genero-en-el-sector-cientifico-latinoamericano\/\" title=\"\u00bfCu\u00e1l es la situaci\u00f3n actual de la igualdad de g\u00e9nero en el sector cient\u00edfico latinoamericano?\">\u00bfCu\u00e1l es la situaci\u00f3n actual de la igualdad de g\u00e9nero en el sector cient\u00edfico latinoamericano?<\/a><\/h2><p>Aunque hoy en d\u00eda hay m\u00e1s ni\u00f1as escolarizadas, estas no siempre tienen las mismas oportunidades para completar su educaci\u00f3n y beneficiarse de la formaci\u00f3n que han elegido.<br \/>\nLos prejuicios, las normas sociales y las expectativas inciden en la calidad de la educaci\u00f3n que reciben y en las disciplinas que estudian, especialmente cuando se trata de la educaci\u00f3n en ciencias, tecnolog\u00edas, ingenier\u00eda y matem\u00e1ticas (CTIM).<br \/>\nEn esta entrevista, Gloria Bonder, coordinadora de la C\u00e1tedra Regional de la UNESCO Mujer, Ciencia y Tecnolog\u00eda en Am\u00e9rica Latina, reflexiona sobre la situaci\u00f3n actual en la regi\u00f3n. <\/p>\n<a title=\"READ MORE\" href=\"https:\/\/catunescomujer.org\/gisalc\/cual-es-la-situacion-actual-de-la-igualdad-de-genero-en-el-sector-cientifico-latinoamericano\/\" class=\"read_more\"><span class=\"arrow\"><\/span><span>READ MORE<\/span><\/a><\/div><\/li><li class=\" post post-5689 type-post status-publish format-image has-post-thumbnail hentry category-recursos category-ciencia-recursos category-entrevistas post_format-post-format-image\"><a class=\"post_image\" href=\"https:\/\/catunescomujer.org\/gisalc\/el-premio-unesco-a-la-educacion-de-ninas-y-mujeres-realizara-su-ceremonia-de-premiacion-en-octubre\/\" title=\"El Premio UNESCO a la Educaci\u00f3n de Ni\u00f1as y Mujeres realizar\u00e1 su ceremonia de premiaci\u00f3n en octubre\"><img loading=\"lazy\" decoding=\"async\" width=\"330\" height=\"242\" src=\"https:\/\/catunescomujer.org\/gisalc\/wp-content\/uploads\/2019\/08\/unesco-premios-330x242.jpg\" class=\"attachment-blog-post-thumb size-blog-post-thumb wp-post-image\" alt=\"El Premio UNESCO a la Educaci\u00f3n de Ni\u00f1as y Mujeres realizar\u00e1 su ceremonia de premiaci\u00f3n en octubre\" title=\"\" srcset=\"https:\/\/catunescomujer.org\/gisalc\/wp-content\/uploads\/2019\/08\/unesco-premios-330x242.jpg 330w, https:\/\/catunescomujer.org\/gisalc\/wp-content\/uploads\/2019\/08\/unesco-premios-510x374.jpg 510w, https:\/\/catunescomujer.org\/gisalc\/wp-content\/uploads\/2019\/08\/unesco-premios-130x95.jpg 130w\" sizes=\"auto, (max-width: 330px) 100vw, 330px\" \/><\/a><div class=\"post_content\"><h2 class=\"clearfix\"><a href=\"https:\/\/catunescomujer.org\/gisalc\/el-premio-unesco-a-la-educacion-de-ninas-y-mujeres-realizara-su-ceremonia-de-premiacion-en-octubre\/\" title=\"El Premio UNESCO a la Educaci\u00f3n de Ni\u00f1as y Mujeres realizar\u00e1 su ceremonia de premiaci\u00f3n en octubre\">El Premio UNESCO a la Educaci\u00f3n de Ni\u00f1as y Mujeres realizar\u00e1 su ceremonia de premiaci\u00f3n en octubre<\/a><\/h2><p>Maxime Forest, integrante del jurado, expresa en esta entrevista sus opiniones sobre las caracter\u00edsticas y el impacto de este premio. <\/p>\n<a title=\"READ MORE\" href=\"https:\/\/catunescomujer.org\/gisalc\/el-premio-unesco-a-la-educacion-de-ninas-y-mujeres-realizara-su-ceremonia-de-premiacion-en-octubre\/\" class=\"read_more\"><span class=\"arrow\"><\/span><span>READ MORE<\/span><\/a><\/div><\/li><li class=\" post post-5604 type-post status-publish format-image has-post-thumbnail hentry category-recursos category-ciencia-recursos category-entrevistas post_format-post-format-image\"><a class=\"post_image\" href=\"https:\/\/catunescomujer.org\/gisalc\/entrevista-a-gloria-bonder-sobre-las-comunidades-de-practica-del-proyecto-actongender\/\" title=\"Entrevista a Gloria Bonder sobre las comunidades de pr\u00e1ctica del Proyecto ACTonGender\"><img loading=\"lazy\" decoding=\"async\" width=\"330\" height=\"242\" src=\"https:\/\/catunescomujer.org\/gisalc\/wp-content\/uploads\/2019\/08\/gloria-bonder-330x242.jpg\" class=\"attachment-blog-post-thumb size-blog-post-thumb wp-post-image\" alt=\"Entrevista a Gloria Bonder sobre las comunidades de pr\u00e1ctica del Proyecto ACTonGender\" title=\"\" srcset=\"https:\/\/catunescomujer.org\/gisalc\/wp-content\/uploads\/2019\/08\/gloria-bonder-330x242.jpg 330w, https:\/\/catunescomujer.org\/gisalc\/wp-content\/uploads\/2019\/08\/gloria-bonder-510x374.jpg 510w, https:\/\/catunescomujer.org\/gisalc\/wp-content\/uploads\/2019\/08\/gloria-bonder-130x95.jpg 130w\" sizes=\"auto, (max-width: 330px) 100vw, 330px\" \/><\/a><div class=\"post_content\"><h2 class=\"clearfix\"><a href=\"https:\/\/catunescomujer.org\/gisalc\/entrevista-a-gloria-bonder-sobre-las-comunidades-de-practica-del-proyecto-actongender\/\" title=\"Entrevista a Gloria Bonder sobre las comunidades de pr\u00e1ctica del Proyecto ACTonGender\">Entrevista a Gloria Bonder sobre las comunidades de pr\u00e1ctica del Proyecto ACTonGender<\/a><\/h2><p>Gloria Bonder, coordinadora de Gender In SITE Punto Focal Am\u00e9rica Latina y el Caribe, habla sobre las caracter\u00edsticas de las comunidades de pr\u00e1ctica desarrolladas por el Proyecto ACTonGender y su contribuci\u00f3n a fortalecer pol\u00edticas y programas de igualdad de g\u00e9nero en universidades y centros de investigaci\u00f3n.  <\/p>\n<a title=\"READ MORE\" href=\"https:\/\/catunescomujer.org\/gisalc\/entrevista-a-gloria-bonder-sobre-las-comunidades-de-practica-del-proyecto-actongender\/\" class=\"read_more\"><span class=\"arrow\"><\/span><span>READ MORE<\/span><\/a><\/div><\/li><li class=\" post post-5518 type-post status-publish format-image has-post-thumbnail hentry category-recursos category-entrevistas category-tecnologia category-videos post_format-post-format-image\"><a class=\"post_image\" href=\"https:\/\/catunescomujer.org\/gisalc\/entrevista-a-capitolina-diaz\/\" title=\"Entrevista a Capitolina D\u00edaz\"><img loading=\"lazy\" decoding=\"async\" width=\"330\" height=\"242\" src=\"https:\/\/catunescomujer.org\/gisalc\/wp-content\/uploads\/2019\/07\/Capitolina-330x242.jpg\" class=\"attachment-blog-post-thumb size-blog-post-thumb wp-post-image\" alt=\"Entrevista a Capitolina D\u00edaz\" title=\"\" srcset=\"https:\/\/catunescomujer.org\/gisalc\/wp-content\/uploads\/2019\/07\/Capitolina-330x242.jpg 330w, https:\/\/catunescomujer.org\/gisalc\/wp-content\/uploads\/2019\/07\/Capitolina-510x374.jpg 510w, https:\/\/catunescomujer.org\/gisalc\/wp-content\/uploads\/2019\/07\/Capitolina-130x95.jpg 130w\" sizes=\"auto, (max-width: 330px) 100vw, 330px\" \/><\/a><div class=\"post_content\"><h2 class=\"clearfix\"><a href=\"https:\/\/catunescomujer.org\/gisalc\/entrevista-a-capitolina-diaz\/\" title=\"Entrevista a Capitolina D\u00edaz\">Entrevista a Capitolina D\u00edaz<\/a><\/h2><p>En este video la soci\u00f3loga espa\u00f1ola Capitolina D\u00edaz habla sobre algunos avances y desaf\u00edos existentes en materia de igualdad de g\u00e9nero en los \u00e1mbitos de la ciencia, ingenier\u00eda, tecnolog\u00eda e investigaci\u00f3n.<\/p>\n<a title=\"READ MORE\" href=\"https:\/\/catunescomujer.org\/gisalc\/entrevista-a-capitolina-diaz\/\" class=\"read_more\"><span class=\"arrow\"><\/span><span>READ MORE<\/span><\/a><\/div><\/li><li class=\" post post-5504 type-post status-publish format-image has-post-thumbnail hentry category-recursos category-ciencia category-ciencia-recursos category-entrevistas post_format-post-format-image\"><a class=\"post_image\" href=\"https:\/\/catunescomujer.org\/gisalc\/joanne-chory-luchar-contra-el-cambio-climatico-a-traves-de-las-plantas\/\" title=\"Joanne Chory, luchar contra el cambio clim\u00e1tico a trav\u00e9s de las plantas\"><img loading=\"lazy\" decoding=\"async\" width=\"330\" height=\"242\" src=\"https:\/\/catunescomujer.org\/gisalc\/wp-content\/uploads\/2019\/06\/Joanne-Chory-330x242.jpg\" class=\"attachment-blog-post-thumb size-blog-post-thumb wp-post-image\" alt=\"Joanne Chory, luchar contra el cambio clim\u00e1tico a trav\u00e9s de las plantas\" title=\"\" srcset=\"https:\/\/catunescomujer.org\/gisalc\/wp-content\/uploads\/2019\/06\/Joanne-Chory-330x242.jpg 330w, https:\/\/catunescomujer.org\/gisalc\/wp-content\/uploads\/2019\/06\/Joanne-Chory-130x95.jpg 130w\" sizes=\"auto, (max-width: 330px) 100vw, 330px\" \/><\/a><div class=\"post_content\"><h2 class=\"clearfix\"><a href=\"https:\/\/catunescomujer.org\/gisalc\/joanne-chory-luchar-contra-el-cambio-climatico-a-traves-de-las-plantas\/\" title=\"Joanne Chory, luchar contra el cambio clim\u00e1tico a trav\u00e9s de las plantas\">Joanne Chory, luchar contra el cambio clim\u00e1tico a trav\u00e9s de las plantas<\/a><\/h2><p>Joanne Chory, una de las principales bot\u00e1nicas y genetistas del mundo, dirige un proyecto innovador destinado a revertir el calentamiento global mediante el dise\u00f1o de nuevas plantas. \u00a0<\/p>\n<a title=\"READ MORE\" href=\"https:\/\/catunescomujer.org\/gisalc\/joanne-chory-luchar-contra-el-cambio-climatico-a-traves-de-las-plantas\/\" class=\"read_more\"><span class=\"arrow\"><\/span><span>READ MORE<\/span><\/a><\/div><\/li><li class=\" post post-5317 type-post status-publish format-image has-post-thumbnail hentry category-entrevistas post_format-post-format-image\"><a class=\"post_image\" href=\"https:\/\/catunescomujer.org\/gisalc\/politicas-de-igualdad-de-genero-en-america-latina-recomendaciones-estrategicas-para-su-diseno-e-implementacion\/\" title=\"Pol\u00edticas de Igualdad de G\u00e9nero en Universidades de Am\u00e9rica Latina. Recomendaciones estrat\u00e9gicas para su dise\u00f1o e implementaci\u00f3n\"><img loading=\"lazy\" decoding=\"async\" width=\"330\" height=\"242\" src=\"https:\/\/catunescomujer.org\/gisalc\/wp-content\/uploads\/2019\/04\/Placa-video-ACTonGender-Entrevistas-FLACSO-330x242.png\" class=\"attachment-blog-post-thumb size-blog-post-thumb wp-post-image\" alt=\"Pol\u00edticas de Igualdad de G\u00e9nero en Universidades de Am\u00e9rica Latina. Recomendaciones estrat\u00e9gicas para su dise\u00f1o e implementaci\u00f3n\" title=\"\" srcset=\"https:\/\/catunescomujer.org\/gisalc\/wp-content\/uploads\/2019\/04\/Placa-video-ACTonGender-Entrevistas-FLACSO-330x242.png 330w, https:\/\/catunescomujer.org\/gisalc\/wp-content\/uploads\/2019\/04\/Placa-video-ACTonGender-Entrevistas-FLACSO-510x374.png 510w, https:\/\/catunescomujer.org\/gisalc\/wp-content\/uploads\/2019\/04\/Placa-video-ACTonGender-Entrevistas-FLACSO-130x95.png 130w\" sizes=\"auto, (max-width: 330px) 100vw, 330px\" \/><\/a><div class=\"post_content\"><h2 class=\"clearfix\"><a href=\"https:\/\/catunescomujer.org\/gisalc\/politicas-de-igualdad-de-genero-en-america-latina-recomendaciones-estrategicas-para-su-diseno-e-implementacion\/\" title=\"Pol\u00edticas de Igualdad de G\u00e9nero en Universidades de Am\u00e9rica Latina. Recomendaciones estrat\u00e9gicas para su dise\u00f1o e implementaci\u00f3n\">Pol\u00edticas de Igualdad de G\u00e9nero en Universidades de Am\u00e9rica Latina. Recomendaciones estrat\u00e9gicas para su dise\u00f1o e implementaci\u00f3n<\/a><\/h2><p>En el marco del Focus Group de instituciones universitarias de Latinoam\u00e9rica para ACTonGender, proyecto apoyado por <i>Horizon 2020<\/i> de la Uni\u00f3n Europea, especialistas en temas de g\u00e9nero compartieron sus opiniones y propuestas sobre c\u00f3mo promover y asegurar el dise\u00f1o e implementaci\u00f3n de planes y pol\u00edticas de igualdad de g\u00e9nero en universidades y centros de investigaci\u00f3n.  <\/p>\n<a title=\"READ MORE\" href=\"https:\/\/catunescomujer.org\/gisalc\/politicas-de-igualdad-de-genero-en-america-latina-recomendaciones-estrategicas-para-su-diseno-e-implementacion\/\" class=\"read_more\"><span class=\"arrow\"><\/span><span>READ MORE<\/span><\/a><\/div><\/li><\/ul><\/div><div class='pagination_container clearfix ajax theme_blog_big_pagination page_margin_top'><ul class='pagination'><li class='selected'><a href='https:\/\/catunescomujer.org\/gisalc\/wp-json\/wp\/v2\/pages\/1654' data-page='1'>1<\/a><\/li><li><a href='https:\/\/catunescomujer.org\/gisalc\/wp-json\/wp\/v2\/pages\/1654\/page\/2\/' data-page='2'>2<\/a><\/li><li><a href='https:\/\/catunescomujer.org\/gisalc\/wp-json\/wp\/v2\/pages\/1654\/page\/3\/' data-page='3'>3<\/a><\/li><li><a href='https:\/\/catunescomujer.org\/gisalc\/wp-json\/wp\/v2\/pages\/1654\/page\/4\/' data-page='4'>4<\/a><\/li><\/ul><span class='pr_preloader pagination_preloader'><\/span><\/div><input type=\"hidden\" name=\"theme_blog_big_pagination\" value=\"a:20:{s:13:&quot;pr_pagination&quot;;s:1:&quot;1&quot;;s:15:&quot;ajax_pagination&quot;;s:1:&quot;1&quot;;s:14:&quot;items_per_page&quot;;s:1:&quot;9&quot;;s:8:&quot;category&quot;;s:11:&quot;entrevistas&quot;;s:8:&quot;order_by&quot;;s:4:&quot;date&quot;;s:15:&quot;show_post_title&quot;;s:1:&quot;1&quot;;s:17:&quot;show_post_excerpt&quot;;s:1:&quot;1&quot;;s:9:&quot;read_more&quot;;s:1:&quot;1&quot;;s:14:&quot;show_post_icon&quot;;s:1:&quot;0&quot;;s:20:&quot;show_post_categories&quot;;s:1:&quot;0&quot;;s:16:&quot;show_post_author&quot;;s:1:&quot;0&quot;;s:14:&quot;show_post_date&quot;;s:1:&quot;0&quot;;s:19:&quot;post_details_layout&quot;;s:6:&quot;simple&quot;;s:22:&quot;show_post_comments_box&quot;;s:1:&quot;0&quot;;s:17:&quot;is_search_results&quot;;s:1:&quot;0&quot;;s:8:&quot;monthnum&quot;;s:0:&quot;&quot;;s:3:&quot;day&quot;;s:0:&quot;&quot;;s:4:&quot;year&quot;;s:0:&quot;&quot;;s:1:&quot;w&quot;;s:0:&quot;&quot;;s:8:&quot;page_uri&quot;;s:32:&quot;\/gisalc\/wp-json\/wp\/v2\/pages\/1654&quot;;}\" \/>[\/vc_column][vc_column type=\u00bbpr_smart_column\u00bb width=\u00bb1\/3&#8243; css=\u00bb.vc_custom_1457462969644{padding-top: 25px !important;padding-right: 25px !important;padding-bottom: 25px !important;padding-left: 25px !important;}\u00bb]<div class=\"item_content clearfix\"><span title=\"En esta secci\u00f3n compartimos entrevistas, debates y voces que, desde diferentes visiones y contextos, nos invitan a reflexionar sobre G\u00e9nero, Ciencia, Innovaci\u00f3n, Tecnolog\u00eda e Ingenier\u00eda.\" class=\"features_icon quote animated_element animation-scale\"><\/span><div class=\"text\"><h3>En esta secci\u00f3n compartimos entrevistas, debates y voces que, desde diferentes visiones y contextos, nos invitan a reflexionar sobre G\u00e9nero, Ciencia, Innovaci\u00f3n, Tecnolog\u00eda e Ingenier\u00eda.<\/h3><\/div><\/div>[\/vc_column][\/vc_row]<\/p>\n<\/div>","protected":false},"excerpt":{"rendered":"<p>[vc_row][vc_column][\/vc_column][\/vc_row][vc_row css=\u00bb.vc_custom_1432164033799{margin-top: 10px !important;}\u00bb][vc_column width=\u00bb2\/3&#8243;][\/vc_column][vc_column type=\u00bbpr_smart_column\u00bb width=\u00bb1\/3&#8243; css=\u00bb.vc_custom_1457462969644{padding-top: 25px !important;padding-right: 25px !important;padding-bottom: 25px !important;padding-left: 25px !important;}\u00bb][\/vc_column][\/vc_row]<\/p>\n","protected":false},"author":1,"featured_media":0,"parent":0,"menu_order":13,"comment_status":"closed","ping_status":"closed","template":"","meta":{"footnotes":""},"class_list":["post-1654","page","type-page","status-publish","hentry"],"_links":{"self":[{"href":"https:\/\/catunescomujer.org\/gisalc\/wp-json\/wp\/v2\/pages\/1654","targetHints":{"allow":["GET"]}}],"collection":[{"href":"https:\/\/catunescomujer.org\/gisalc\/wp-json\/wp\/v2\/pages"}],"about":[{"href":"https:\/\/catunescomujer.org\/gisalc\/wp-json\/wp\/v2\/types\/page"}],"author":[{"embeddable":true,"href":"https:\/\/catunescomujer.org\/gisalc\/wp-json\/wp\/v2\/users\/1"}],"replies":[{"embeddable":true,"href":"https:\/\/catunescomujer.org\/gisalc\/wp-json\/wp\/v2\/comments?post=1654"}],"version-history":[{"count":61,"href":"https:\/\/catunescomujer.org\/gisalc\/wp-json\/wp\/v2\/pages\/1654\/revisions"}],"predecessor-version":[{"id":4794,"href":"https:\/\/catunescomujer.org\/gisalc\/wp-json\/wp\/v2\/pages\/1654\/revisions\/4794"}],"wp:attachment":[{"href":"https:\/\/catunescomujer.org\/gisalc\/wp-json\/wp\/v2\/media?parent=1654"}],"curies":[{"name":"wp","href":"https:\/\/api.w.org\/{rel}","templated":true}]}}