{"id":298,"date":"2014-12-02T15:32:15","date_gmt":"2014-12-02T18:32:15","guid":{"rendered":"http:\/\/darksalmon-goshawk-758951.hostingersite.com\/?page_id=298"},"modified":"2020-10-01T18:27:20","modified_gmt":"2020-10-01T21:27:20","slug":"nuestro-grupo-consultor","status":"publish","type":"page","link":"https:\/\/catunescomujer.org\/gisalc\/nuestro-grupo-consultor\/","title":{"rendered":"Nuestro Grupo Consultor"},"content":{"rendered":"<div class=\"wpb-content-wrapper\"><p>[vc_row][vc_column][vc_empty_space][vc_custom_heading text=\u00bbEspecialistas de reconocidas instituciones de Am\u00e9rica Latina nos acompa\u00f1an en las actividades de GenderInSite ALC.\u00bb font_container=\u00bbtag:h2|text_align:center|color:%23666666&#8243; google_fonts=\u00bbfont_family:Roboto%3A100%2C100italic%2C300%2C300italic%2Cregular%2Citalic%2C500%2C500italic%2C700%2C700italic%2C900%2C900italic|font_style:400%20regular%3A400%3Anormal\u00bb][vc_empty_space][\/vc_column][\/vc_row][vc_row][vc_column width=\u00bb1\/4&#8243;][vc_single_image image=\u00bb428&#8243; img_size=\u00bb200&#215;200&#8243; alignment=\u00bbcenter\u00bb style=\u00bbvc_box_border_circle_2&#8243; border_color=\u00bborange\u00bb][vc_empty_space height=\u00bb16px\u00bb][vc_column_text]<\/p>\n<h3 class=\"team-position\" style=\"text-align: center;\">Gloria Bonder<\/h3>\n<h4 style=\"text-align: center;\">Coordinaci\u00f3n<\/h4>\n<p style=\"text-align: center;\">Directora \u00c1rea G\u00e9nero, Sociedad y Pol\u00edticas, FLACSO-Argentina. Coordinadora General de la C\u00e1tedra Regional UNESCO Mujer, Ciencia y Tecnolog\u00eda en Am\u00e9rica Latina.<\/p>\n<p>[\/vc_column_text][vc_btn title=\u00bbLeer entrevista\u00bb style=\u00bbflat\u00bb shape=\u00bbsquare\u00bb color=\u00bbprimary\u00bb size=\u00bbsm\u00bb align=\u00bbcenter\u00bb link=\u00bburl:http%3A%2F%2Fcatunescomujer.org%2Fgisalc%2Forientando-los-motores-del-cambio-social%2F|title:Leer%20entrevista|\u00bb][\/vc_column][vc_column width=\u00bb1\/4&#8243;][vc_single_image image=\u00bb1599&#8243; img_size=\u00bb200&#215;200&#8243; alignment=\u00bbcenter\u00bb style=\u00bbvc_box_border_circle_2&#8243; border_color=\u00bbsky\u00bb][vc_empty_space height=\u00bb16px\u00bb][vc_column_text]<\/p>\n<h3 class=\"team-title\" style=\"text-align: center;\">Alice R. de P. Abreu<\/h3>\n<p class=\"team-position\" style=\"text-align: center;\">Profesora em\u00e9rita de la Universidad Federal de R\u00edo de Janeiro, Brasil; ex Directora de ICSU-LAC.<\/p>\n<p>[\/vc_column_text][vc_btn title=\u00bbLeer entrevista\u00bb style=\u00bbflat\u00bb shape=\u00bbsquare\u00bb color=\u00bbprimary\u00bb size=\u00bbsm\u00bb align=\u00bbcenter\u00bb link=\u00bburl:http%3A%2F%2Fcatunescomujer.org%2Fgisalc%2Fel-imperativo-de-la-voluntad-politica-entrevista-a-alice-abreu%2F|title:Leer%20entrevista|target:%20_blank\u00bb][\/vc_column][vc_column width=\u00bb1\/4&#8243;][vc_single_image image=\u00bb1600&#8243; img_size=\u00bb200&#215;200&#8243; alignment=\u00bbcenter\u00bb style=\u00bbvc_box_border_circle_2&#8243; border_color=\u00bborange\u00bb][vc_empty_space height=\u00bb16px\u00bb][vc_column_text]<\/p>\n<h3 class=\"team-title\" style=\"text-align: center;\">Lilliam \u00c1lvarez<\/h3>\n<p class=\"team-position\" style=\"text-align: center;\">Co-Chair del Grupo de Mujeres en la Ciencia. IANAS.\u00a0Miembro de M\u00e9rito, Academia de Ciencias de Cuba.<\/p>\n<p>[\/vc_column_text][vc_btn title=\u00bbLeer entrevista\u00bb style=\u00bbflat\u00bb shape=\u00bbsquare\u00bb color=\u00bbprimary\u00bb size=\u00bbsm\u00bb align=\u00bbcenter\u00bb link=\u00bburl:http%3A%2F%2Fcatunescomujer.org%2Fgisalc%2Fla-ciencia-en-lenguaje-diario-entrevista-a-lilliam-alvarez%2F|title:Leer%20entrevista|\u00bb][\/vc_column][vc_column width=\u00bb1\/4&#8243;][vc_single_image image=\u00bb226&#8243; img_size=\u00bb200&#215;200&#8243; alignment=\u00bbcenter\u00bb style=\u00bbvc_box_border_circle_2&#8243; border_color=\u00bbsky\u00bb][vc_empty_space height=\u00bb16px\u00bb][vc_column_text]<\/p>\n<h3 class=\"team-title\" style=\"text-align: center;\">Marcia Barbosa<\/h3>\n<p style=\"text-align: center;\">Prof. Titular\u00a0de la\u00a0Universidad Federal de Rio Grande\u00a0do Sul, Porto Alegre. En 2013 fue una de las cinco ganadoras del premio L\u2019Or\u00e9al-Unesco para Mujeres y Ciencia por su estudio sobre el efecto del agua en el repliegue de las prote\u00ednas, considerado clave en la cura de enfermedades.<\/p>\n<p>[\/vc_column_text][vc_btn title=\u00bbLeer entrevista\u00bb style=\u00bbflat\u00bb shape=\u00bbsquare\u00bb color=\u00bbprimary\u00bb size=\u00bbsm\u00bb align=\u00bbcenter\u00bb link=\u00bburl:http%3A%2F%2Fcatunescomujer.org%2Fgisalc%2Fconjugando-el-verbo-hacer-entrevista-a-marcia-barbosa%2F|title:Leer%20entrevista|\u00bb][\/vc_column][\/vc_row][vc_row top_margin=\u00bbpage_margin_top\u00bb][vc_column width=\u00bb1\/4&#8243;][vc_single_image image=\u00bb1621&#8243; img_size=\u00bb200&#215;200&#8243; alignment=\u00bbcenter\u00bb style=\u00bbvc_box_border_circle_2&#8243; border_color=\u00bbsky\u00bb][vc_empty_space height=\u00bb16px\u00bb][vc_column_text]<\/p>\n<h3 class=\"team-title\" style=\"text-align: center;\">Dora Barrancos<\/h3>\n<p style=\"text-align: center;\">Miembro del Directorio del Consejo Nacional de Investigaciones Cient\u00edficas y T\u00e9cnicas \u2013 CONICET (Argentina) en representaci\u00f3n de las Ciencias Sociales y Humanas.<\/p>\n<p>[\/vc_column_text][vc_btn title=\u00bbLeer entrevista\u00bb style=\u00bbflat\u00bb shape=\u00bbsquare\u00bb color=\u00bbprimary\u00bb size=\u00bbsm\u00bb align=\u00bbcenter\u00bb link=\u00bburl:http%3A%2F%2Fcatunescomujer.org%2Fgisalc%2Fel-conocimiento-motivo-de-alegria-entrevista-a-dora-barrancos%2F|title:Leer%20entrevista|target:%20_blank\u00bb][\/vc_column][vc_column width=\u00bb1\/4&#8243;][vc_single_image image=\u00bb1622&#8243; img_size=\u00bb200&#215;200&#8243; alignment=\u00bbcenter\u00bb style=\u00bbvc_box_border_circle_2&#8243; border_color=\u00bborange\u00bb][vc_empty_space height=\u00bb16px\u00bb][vc_column_text]<\/p>\n<h3 class=\"team-title\" style=\"text-align: center;\">Mar\u00eda Elena Boisier Pons<\/h3>\n<p class=\"team-title\" style=\"text-align: center;\">Directora de Investigaci\u00f3n de la Pontificia Universidad Cat\u00f3lica de Chile. Ex-Directora Ejecutiva del CONICYT- Chile<\/p>\n<p>[\/vc_column_text][vc_btn title=\u00bbLeer entrevista\u00bb style=\u00bbflat\u00bb shape=\u00bbsquare\u00bb color=\u00bbprimary\u00bb size=\u00bbsm\u00bb align=\u00bbcenter\u00bb link=\u00bburl:http%3A%2F%2Fcatunescomujer.org%2Fgisalc%2Fsentar-precedentes-para-el-cambio%2F|title:Leer%20entrevista|target:%20_blank\u00bb][\/vc_column][vc_column width=\u00bb1\/4&#8243;][vc_single_image image=\u00bb232&#8243; img_size=\u00bb200&#215;200&#8243; alignment=\u00bbcenter\u00bb style=\u00bbvc_box_border_circle_2&#8243; border_color=\u00bborange\u00bb][vc_empty_space height=\u00bb16px\u00bb][vc_column_text]<\/p>\n<h3 class=\"team-title\" style=\"text-align: center;\">Lidia Brito<\/h3>\n<p class=\"team-position\" style=\"text-align: center;\">Directora de la oficina Regional de Ciencia de la UNESCO para Am\u00e9rica Latina y el Caribe \u2013 Representaci\u00f3n de la UNESCO en Argentina, Paraguay y Uruguay y ante el MERCOSUR.<\/p>\n<p>[\/vc_column_text][vc_btn title=\u00bbLeer entrevista\u00bb style=\u00bbflat\u00bb shape=\u00bbsquare\u00bb color=\u00bbprimary\u00bb size=\u00bbsm\u00bb align=\u00bbcenter\u00bb link=\u00bburl:http%3A%2F%2Fcatunescomujer.org%2Fgisalc%2Fmomento-de-hacer-historia-entrevista-a-lidia-brito%2F|title:Leer%20entrevista|target:%20_blank\u00bb][\/vc_column][vc_column width=\u00bb1\/4&#8243;][vc_single_image image=\u00bb1602&#8243; img_size=\u00bb200&#215;200&#8243; alignment=\u00bbcenter\u00bb style=\u00bbvc_box_border_circle_2&#8243; border_color=\u00bborange\u00bb][vc_empty_space height=\u00bb16px\u00bb][vc_column_text]<\/p>\n<h3 class=\"team-title\" style=\"text-align: center;\">Ana Buquet<\/h3>\n<p style=\"text-align: center;\">Directora del Programa Universitario de Estudios de G\u00e9nero (PUEG) de la\u00a0Universidad Nacional Aut\u00f3noma de M\u00e9xico (UNAM), M\u00e9xico.<\/p>\n<p>[\/vc_column_text][vc_btn title=\u00bbLeer entrevista\u00bb style=\u00bbflat\u00bb shape=\u00bbsquare\u00bb color=\u00bbprimary\u00bb size=\u00bbsm\u00bb align=\u00bbcenter\u00bb link=\u00bburl:http%3A%2F%2Fcatunescomujer.org%2Fgisalc%2Fcuestionar-el-sentido-comun-entrevista-a-ana-buquet%2F|title:Leer%20entrevista|target:%20_blank\u00bb][\/vc_column][\/vc_row][vc_row top_margin=\u00bbpage_margin_top\u00bb][vc_column width=\u00bb1\/4&#8243;][vc_empty_space height=\u00bb16px\u00bb][\/vc_column][vc_column width=\u00bb1\/4&#8243;][\/vc_column][vc_column width=\u00bb1\/4&#8243;][\/vc_column][\/vc_row]<\/p>\n<\/div>","protected":false},"excerpt":{"rendered":"<p>[vc_row][vc_column][vc_empty_space][vc_custom_heading text=\u00bbEspecialistas de reconocidas instituciones de Am\u00e9rica Latina nos acompa\u00f1an en las actividades de GenderInSite ALC.\u00bb font_container=\u00bbtag:h2|text_align:center|color:%23666666&#8243; google_fonts=\u00bbfont_family:Roboto%3A100%2C100italic%2C300%2C300italic%2Cregular%2Citalic%2C500%2C500italic%2C700%2C700italic%2C900%2C900italic|font_style:400%20regular%3A400%3Anormal\u00bb][vc_empty_space][\/vc_column][\/vc_row][vc_row][vc_column width=\u00bb1\/4&#8243;][vc_single_image image=\u00bb428&#8243; img_size=\u00bb200&#215;200&#8243; alignment=\u00bbcenter\u00bb style=\u00bbvc_box_border_circle_2&#8243; border_color=\u00bborange\u00bb][vc_empty_space height=\u00bb16px\u00bb][vc_column_text] Gloria Bonder Coordinaci\u00f3n Directora \u00c1rea G\u00e9nero, Sociedad y Pol\u00edticas, FLACSO-Argentina. Coordinadora General de la C\u00e1tedra Regional UNESCO Mujer, Ciencia y Tecnolog\u00eda en Am\u00e9rica Latina. [\/vc_column_text][vc_btn title=\u00bbLeer entrevista\u00bb style=\u00bbflat\u00bb shape=\u00bbsquare\u00bb color=\u00bbprimary\u00bb<\/p>\n","protected":false},"author":1,"featured_media":0,"parent":0,"menu_order":6,"comment_status":"closed","ping_status":"closed","template":"","meta":{"footnotes":""},"class_list":["post-298","page","type-page","status-publish","hentry"],"_links":{"self":[{"href":"https:\/\/catunescomujer.org\/gisalc\/wp-json\/wp\/v2\/pages\/298","targetHints":{"allow":["GET"]}}],"collection":[{"href":"https:\/\/catunescomujer.org\/gisalc\/wp-json\/wp\/v2\/pages"}],"about":[{"href":"https:\/\/catunescomujer.org\/gisalc\/wp-json\/wp\/v2\/types\/page"}],"author":[{"embeddable":true,"href":"https:\/\/catunescomujer.org\/gisalc\/wp-json\/wp\/v2\/users\/1"}],"replies":[{"embeddable":true,"href":"https:\/\/catunescomujer.org\/gisalc\/wp-json\/wp\/v2\/comments?post=298"}],"version-history":[{"count":136,"href":"https:\/\/catunescomujer.org\/gisalc\/wp-json\/wp\/v2\/pages\/298\/revisions"}],"predecessor-version":[{"id":4010,"href":"https:\/\/catunescomujer.org\/gisalc\/wp-json\/wp\/v2\/pages\/298\/revisions\/4010"}],"wp:attachment":[{"href":"https:\/\/catunescomujer.org\/gisalc\/wp-json\/wp\/v2\/media?parent=298"}],"curies":[{"name":"wp","href":"https:\/\/api.w.org\/{rel}","templated":true}]}}