{"id":3421,"date":"2015-12-17T11:09:48","date_gmt":"2015-12-17T14:09:48","guid":{"rendered":"http:\/\/darksalmon-goshawk-758951.hostingersite.com\/?page_id=3421"},"modified":"2016-03-29T08:11:11","modified_gmt":"2016-03-29T11:11:11","slug":"recursos-sobre-tecnologia","status":"publish","type":"page","link":"https:\/\/catunescomujer.org\/gisalc\/bitacora-de-recursos\/recursos-sobre-tecnologia\/","title":{"rendered":"Tecnolog\u00eda"},"content":{"rendered":"<div class=\"wpb-content-wrapper\"><p>[vc_row][vc_column]<hr class=\"divider page_margin_top\">[\/vc_column][\/vc_row][vc_row][vc_column width=\u00bb1\/3&#8243;]<div class=\"vc_row wpb_row vc_row-fluid\"><ul class=\"blog clearfix small\"><li class=\" post post-5763 type-post status-publish format-image has-post-thumbnail hentry category-recursos category-comunicacion category-sin-categoria category-tecnologia post_format-post-format-image\"><a class=\"post_image\" href=\"https:\/\/catunescomujer.org\/gisalc\/quienes-son-las-ganadoras-de-nosotras-innovamos\/\" title=\"\u00bfQui\u00e9nes son las ganadoras de Nosotras Innovamos?\"><img loading=\"lazy\" decoding=\"async\" width=\"130\" height=\"95\" src=\"https:\/\/catunescomujer.org\/gisalc\/wp-content\/uploads\/2019\/11\/Ganadoras-_-imagen-130x95.png\" class=\"attachment-pressroom-gallery-thumb-type-3 size-pressroom-gallery-thumb-type-3 wp-post-image\" alt=\"\u00bfQui\u00e9nes son las ganadoras de Nosotras Innovamos?\" title=\"\" srcset=\"https:\/\/catunescomujer.org\/gisalc\/wp-content\/uploads\/2019\/11\/Ganadoras-_-imagen-130x95.png 130w, https:\/\/catunescomujer.org\/gisalc\/wp-content\/uploads\/2019\/11\/Ganadoras-_-imagen-923x685.png 923w, https:\/\/catunescomujer.org\/gisalc\/wp-content\/uploads\/2019\/11\/Ganadoras-_-imagen-510x374.png 510w, https:\/\/catunescomujer.org\/gisalc\/wp-content\/uploads\/2019\/11\/Ganadoras-_-imagen-330x242.png 330w, https:\/\/catunescomujer.org\/gisalc\/wp-content\/uploads\/2019\/11\/Ganadoras-_-imagen.png 958w\" sizes=\"auto, (max-width: 130px) 100vw, 130px\" \/><\/a><div class=\"post_content\"><h5 class=\"clearfix margin_bottom_0\"><a href=\"https:\/\/catunescomujer.org\/gisalc\/quienes-son-las-ganadoras-de-nosotras-innovamos\/\" title=\"\u00bfQui\u00e9nes son las ganadoras de Nosotras Innovamos?\">\u00bfQui\u00e9nes son las ganadoras de Nosotras Innovamos?<\/a><\/h5><a title=\"READ MORE\" href=\"https:\/\/catunescomujer.org\/gisalc\/quienes-son-las-ganadoras-de-nosotras-innovamos\/\" class=\"read_more\"><span class=\"arrow\"><\/span><span>READ MORE<\/span><\/a><\/div><\/li><li class=\" post post-6140 type-post status-publish format-image has-post-thumbnail hentry category-recursos category-comite-asesor category-tecnologia post_format-post-format-image\"><a class=\"post_image\" href=\"https:\/\/catunescomujer.org\/gisalc\/sri-lanka-y-kenya-los-proyectos-ganadores-del-premio-unesco-2020-para-la-educacion-de-las-ninas-y-las-mujeres\/\" title=\"\u00bfQuer\u00e9s conocer los proyectos ganadores del Premio UNESCO 2020 para la Educaci\u00f3n de las Ni\u00f1as y las Mujeres?\"><img loading=\"lazy\" decoding=\"async\" width=\"130\" height=\"95\" src=\"https:\/\/catunescomujer.org\/gisalc\/wp-content\/uploads\/2020\/10\/premio-130x95.jpg\" class=\"attachment-pressroom-gallery-thumb-type-3 size-pressroom-gallery-thumb-type-3 wp-post-image\" alt=\"\u00bfQuer\u00e9s conocer los proyectos ganadores del Premio UNESCO 2020 para la Educaci\u00f3n de las Ni\u00f1as y las Mujeres?\" title=\"\" \/><\/a><div class=\"post_content\"><h5 class=\"clearfix margin_bottom_0\"><a href=\"https:\/\/catunescomujer.org\/gisalc\/sri-lanka-y-kenya-los-proyectos-ganadores-del-premio-unesco-2020-para-la-educacion-de-las-ninas-y-las-mujeres\/\" title=\"\u00bfQuer\u00e9s conocer los proyectos ganadores del Premio UNESCO 2020 para la Educaci\u00f3n de las Ni\u00f1as y las Mujeres?\">\u00bfQuer\u00e9s conocer los proyectos ganadores del Premio UNESCO 2020 para la Educaci\u00f3n de las Ni\u00f1as y las Mujeres?<\/a><\/h5><a title=\"READ MORE\" href=\"https:\/\/catunescomujer.org\/gisalc\/sri-lanka-y-kenya-los-proyectos-ganadores-del-premio-unesco-2020-para-la-educacion-de-las-ninas-y-las-mujeres\/\" class=\"read_more\"><span class=\"arrow\"><\/span><span>READ MORE<\/span><\/a><\/div><\/li><li class=\" post post-5071 type-post status-publish format-image has-post-thumbnail hentry category-recursos category-tecnologia post_format-post-format-image\"><a class=\"post_image\" href=\"https:\/\/catunescomujer.org\/gisalc\/por-que-las-chicas-se-beneficiaria-al-estudiar-una-carrera-tecnologica-recursos-para-estimular-a-ninas-y-mujeres-a-dedicarse-a-la-computacion\/\" title=\"\u00bfPor qu\u00e9 las chicas se beneficiar\u00eda al estudiar una carrera tecnol\u00f3gica? Recursos para estimular a ni\u00f1as y mujeres a dedicarse a la computaci\u00f3n\"><img loading=\"lazy\" decoding=\"async\" width=\"130\" height=\"95\" src=\"https:\/\/catunescomujer.org\/gisalc\/wp-content\/uploads\/2019\/02\/Recursos-para-mujeres-y-tecnologia-en-espanol-130x95.png\" class=\"attachment-pressroom-gallery-thumb-type-3 size-pressroom-gallery-thumb-type-3 wp-post-image\" alt=\"\u00bfPor qu\u00e9 las chicas se beneficiar\u00eda al estudiar una carrera tecnol\u00f3gica? Recursos para estimular a ni\u00f1as y mujeres a dedicarse a la computaci\u00f3n\" title=\"\" srcset=\"https:\/\/catunescomujer.org\/gisalc\/wp-content\/uploads\/2019\/02\/Recursos-para-mujeres-y-tecnologia-en-espanol-130x95.png 130w, https:\/\/catunescomujer.org\/gisalc\/wp-content\/uploads\/2019\/02\/Recursos-para-mujeres-y-tecnologia-en-espanol-510x374.png 510w, https:\/\/catunescomujer.org\/gisalc\/wp-content\/uploads\/2019\/02\/Recursos-para-mujeres-y-tecnologia-en-espanol-330x242.png 330w\" sizes=\"auto, (max-width: 130px) 100vw, 130px\" \/><\/a><div class=\"post_content\"><h5 class=\"clearfix margin_bottom_0\"><a href=\"https:\/\/catunescomujer.org\/gisalc\/por-que-las-chicas-se-beneficiaria-al-estudiar-una-carrera-tecnologica-recursos-para-estimular-a-ninas-y-mujeres-a-dedicarse-a-la-computacion\/\" title=\"\u00bfPor qu\u00e9 las chicas se beneficiar\u00eda al estudiar una carrera tecnol\u00f3gica? Recursos para estimular a ni\u00f1as y mujeres a dedicarse a la computaci\u00f3n\">\u00bfPor qu\u00e9 las chicas se beneficiar\u00eda al estudiar una carrera tecnol\u00f3gica? Recursos para estimular a ni\u00f1as y mujeres a dedicarse a la computaci\u00f3n<\/a><\/h5><a title=\"READ MORE\" href=\"https:\/\/catunescomujer.org\/gisalc\/por-que-las-chicas-se-beneficiaria-al-estudiar-una-carrera-tecnologica-recursos-para-estimular-a-ninas-y-mujeres-a-dedicarse-a-la-computacion\/\" class=\"read_more\"><span class=\"arrow\"><\/span><span>READ MORE<\/span><\/a><\/div><\/li><li class=\" post post-5034 type-post status-publish format-image has-post-thumbnail hentry category-recursos category-sin-categoria category-tecnologia post_format-post-format-image\"><a class=\"post_image\" href=\"https:\/\/catunescomujer.org\/gisalc\/es-posible-superar-la-brecha-digital-de-genero-la-guia-mujerestecnologicas-propone-recursos-para-que-las-jovenes-participen-activamente-en-el-mundo-digital\/\" title=\"\u00bfEs posible superar la brecha digital de g\u00e9nero? La gu\u00eda &lt;i&gt;#MujeresTecnol\u00f3gicas&lt;\/i&gt; brinda recursos para que las j\u00f3venes participen activamente en el mundo digital\"><img loading=\"lazy\" decoding=\"async\" width=\"130\" height=\"95\" src=\"https:\/\/catunescomujer.org\/gisalc\/wp-content\/uploads\/2019\/02\/Recurso-mujerestecnologicas-130x95.png\" class=\"attachment-pressroom-gallery-thumb-type-3 size-pressroom-gallery-thumb-type-3 wp-post-image\" alt=\"\u00bfEs posible superar la brecha digital de g\u00e9nero? La gu\u00eda &lt;i&gt;#MujeresTecnol\u00f3gicas&lt;\/i&gt; brinda recursos para que las j\u00f3venes participen activamente en el mundo digital\" title=\"\" srcset=\"https:\/\/catunescomujer.org\/gisalc\/wp-content\/uploads\/2019\/02\/Recurso-mujerestecnologicas-130x95.png 130w, https:\/\/catunescomujer.org\/gisalc\/wp-content\/uploads\/2019\/02\/Recurso-mujerestecnologicas-510x374.png 510w, https:\/\/catunescomujer.org\/gisalc\/wp-content\/uploads\/2019\/02\/Recurso-mujerestecnologicas-330x242.png 330w\" sizes=\"auto, (max-width: 130px) 100vw, 130px\" \/><\/a><div class=\"post_content\"><h5 class=\"clearfix margin_bottom_0\"><a href=\"https:\/\/catunescomujer.org\/gisalc\/es-posible-superar-la-brecha-digital-de-genero-la-guia-mujerestecnologicas-propone-recursos-para-que-las-jovenes-participen-activamente-en-el-mundo-digital\/\" title=\"\u00bfEs posible superar la brecha digital de g\u00e9nero? La gu\u00eda &lt;i&gt;#MujeresTecnol\u00f3gicas&lt;\/i&gt; brinda recursos para que las j\u00f3venes participen activamente en el mundo digital\">\u00bfEs posible superar la brecha digital de g\u00e9nero? La gu\u00eda <i>#MujeresTecnol\u00f3gicas<\/i> brinda recursos para que las j\u00f3venes participen activamente en el mundo digital<\/a><\/h5><a title=\"READ MORE\" href=\"https:\/\/catunescomujer.org\/gisalc\/es-posible-superar-la-brecha-digital-de-genero-la-guia-mujerestecnologicas-propone-recursos-para-que-las-jovenes-participen-activamente-en-el-mundo-digital\/\" class=\"read_more\"><span class=\"arrow\"><\/span><span>READ MORE<\/span><\/a><\/div><\/li><\/ul><\/div>[\/vc_column][vc_column width=\u00bb1\/3&#8243;]<div class=\"vc_row wpb_row vc_row-fluid\"><ul class=\"blog clearfix small\"><li class=\" post post-5751 type-post status-publish format-image has-post-thumbnail hentry category-recursos category-comunicacion category-tecnologia post_format-post-format-image\"><a class=\"post_image\" href=\"https:\/\/catunescomujer.org\/gisalc\/conoce-los-proyectos-ganadores-del-concurso-nosotras-innovamos\/\" title=\"\u00a1Conoce los proyectos ganadores del concurso Nosotras Innovamos!\"><img loading=\"lazy\" decoding=\"async\" width=\"130\" height=\"95\" src=\"https:\/\/catunescomujer.org\/gisalc\/wp-content\/uploads\/2019\/10\/Ganadores-130x95.jpg\" class=\"attachment-pressroom-gallery-thumb-type-3 size-pressroom-gallery-thumb-type-3 wp-post-image\" alt=\"\u00a1Conoce los proyectos ganadores del concurso Nosotras Innovamos!\" title=\"\" srcset=\"https:\/\/catunescomujer.org\/gisalc\/wp-content\/uploads\/2019\/10\/Ganadores-130x95.jpg 130w, https:\/\/catunescomujer.org\/gisalc\/wp-content\/uploads\/2019\/10\/Ganadores-510x374.jpg 510w, https:\/\/catunescomujer.org\/gisalc\/wp-content\/uploads\/2019\/10\/Ganadores-330x242.jpg 330w\" sizes=\"auto, (max-width: 130px) 100vw, 130px\" \/><\/a><div class=\"post_content\"><h5 class=\"clearfix margin_bottom_0\"><a href=\"https:\/\/catunescomujer.org\/gisalc\/conoce-los-proyectos-ganadores-del-concurso-nosotras-innovamos\/\" title=\"\u00a1Conoce los proyectos ganadores del concurso Nosotras Innovamos!\">\u00a1Conoce los proyectos ganadores del concurso Nosotras Innovamos!<\/a><\/h5><a title=\"READ MORE\" href=\"https:\/\/catunescomujer.org\/gisalc\/conoce-los-proyectos-ganadores-del-concurso-nosotras-innovamos\/\" class=\"read_more\"><span class=\"arrow\"><\/span><span>READ MORE<\/span><\/a><\/div><\/li><li class=\" post post-6145 type-post status-publish format-image has-post-thumbnail hentry category-recursos category-tecnologia post_format-post-format-image\"><a class=\"post_image\" href=\"https:\/\/catunescomujer.org\/gisalc\/una-nueva-publicacion-sobre-el-impacto-de-las-tic-en-las-infancias-y-adolescencias-actuales\/\" title=\"Una nueva publicaci\u00f3n sobre el impacto de las TIC en las infancias y adolescencias actuales\"><img loading=\"lazy\" decoding=\"async\" width=\"130\" height=\"95\" src=\"https:\/\/catunescomujer.org\/gisalc\/wp-content\/uploads\/2020\/10\/CETIC-130x95.jpg\" class=\"attachment-pressroom-gallery-thumb-type-3 size-pressroom-gallery-thumb-type-3 wp-post-image\" alt=\"Una nueva publicaci\u00f3n sobre el impacto de las TIC en las infancias y adolescencias actuales\" title=\"\" srcset=\"https:\/\/catunescomujer.org\/gisalc\/wp-content\/uploads\/2020\/10\/CETIC-130x95.jpg 130w, https:\/\/catunescomujer.org\/gisalc\/wp-content\/uploads\/2020\/10\/CETIC-510x374.jpg 510w, https:\/\/catunescomujer.org\/gisalc\/wp-content\/uploads\/2020\/10\/CETIC-330x242.jpg 330w\" sizes=\"auto, (max-width: 130px) 100vw, 130px\" \/><\/a><div class=\"post_content\"><h5 class=\"clearfix margin_bottom_0\"><a href=\"https:\/\/catunescomujer.org\/gisalc\/una-nueva-publicacion-sobre-el-impacto-de-las-tic-en-las-infancias-y-adolescencias-actuales\/\" title=\"Una nueva publicaci\u00f3n sobre el impacto de las TIC en las infancias y adolescencias actuales\">Una nueva publicaci\u00f3n sobre el impacto de las TIC en las infancias y adolescencias actuales<\/a><\/h5><a title=\"READ MORE\" href=\"https:\/\/catunescomujer.org\/gisalc\/una-nueva-publicacion-sobre-el-impacto-de-las-tic-en-las-infancias-y-adolescencias-actuales\/\" class=\"read_more\"><span class=\"arrow\"><\/span><span>READ MORE<\/span><\/a><\/div><\/li><li class=\" post post-5596 type-post status-publish format-image has-post-thumbnail hentry category-recursos category-conferencias category-tecnologia post_format-post-format-image\"><a class=\"post_image\" href=\"https:\/\/catunescomujer.org\/gisalc\/se-realizo-el-segundo-encuentro-regional-sobre-tecnologia-educativa-en-la-universidad-de-buenos-aires\/\" title=\"Se realiz\u00f3 el Segundo Encuentro Regional sobre tecnolog\u00eda educativa en la Universidad de Buenos Aires\"><img loading=\"lazy\" decoding=\"async\" width=\"130\" height=\"95\" src=\"https:\/\/catunescomujer.org\/gisalc\/wp-content\/uploads\/2019\/07\/Gloria-en-UBA-130x95.jpg\" class=\"attachment-pressroom-gallery-thumb-type-3 size-pressroom-gallery-thumb-type-3 wp-post-image\" alt=\"Se realiz\u00f3 el Segundo Encuentro Regional sobre tecnolog\u00eda educativa en la Universidad de Buenos Aires\" title=\"\" srcset=\"https:\/\/catunescomujer.org\/gisalc\/wp-content\/uploads\/2019\/07\/Gloria-en-UBA-130x95.jpg 130w, https:\/\/catunescomujer.org\/gisalc\/wp-content\/uploads\/2019\/07\/Gloria-en-UBA-510x374.jpg 510w, https:\/\/catunescomujer.org\/gisalc\/wp-content\/uploads\/2019\/07\/Gloria-en-UBA-330x242.jpg 330w\" sizes=\"auto, (max-width: 130px) 100vw, 130px\" \/><\/a><div class=\"post_content\"><h5 class=\"clearfix margin_bottom_0\"><a href=\"https:\/\/catunescomujer.org\/gisalc\/se-realizo-el-segundo-encuentro-regional-sobre-tecnologia-educativa-en-la-universidad-de-buenos-aires\/\" title=\"Se realiz\u00f3 el Segundo Encuentro Regional sobre tecnolog\u00eda educativa en la Universidad de Buenos Aires\">Se realiz\u00f3 el Segundo Encuentro Regional sobre tecnolog\u00eda educativa en la Universidad de Buenos Aires<\/a><\/h5><a title=\"READ MORE\" href=\"https:\/\/catunescomujer.org\/gisalc\/se-realizo-el-segundo-encuentro-regional-sobre-tecnologia-educativa-en-la-universidad-de-buenos-aires\/\" class=\"read_more\"><span class=\"arrow\"><\/span><span>READ MORE<\/span><\/a><\/div><\/li><li class=\" post post-5667 type-post status-publish format-image has-post-thumbnail hentry category-recursos category-comunicacion category-sin-categoria category-tecnologia post_format-post-format-image\"><a class=\"post_image\" href=\"https:\/\/catunescomujer.org\/gisalc\/se-abrio-una-nueva-convocatoria-de-expresiones-de-interes-estudios-de-caso-y-prototipos-para-el-diseno-de-genero-en-steam\/\" title=\"Se abri\u00f3 una nueva convocatoria de expresiones de inter\u00e9s: estudios de caso y prototipos para el dise\u00f1o de g\u00e9nero en STEAM\"><img loading=\"lazy\" decoding=\"async\" width=\"130\" height=\"95\" src=\"https:\/\/catunescomujer.org\/gisalc\/wp-content\/uploads\/2019\/08\/convocatoria-expresiones-de-inter\u00e9s-130x95.jpg\" class=\"attachment-pressroom-gallery-thumb-type-3 size-pressroom-gallery-thumb-type-3 wp-post-image\" alt=\"Se abri\u00f3 una nueva convocatoria de expresiones de inter\u00e9s: estudios de caso y prototipos para el dise\u00f1o de g\u00e9nero en STEAM\" title=\"\" srcset=\"https:\/\/catunescomujer.org\/gisalc\/wp-content\/uploads\/2019\/08\/convocatoria-expresiones-de-inter\u00e9s-130x95.jpg 130w, https:\/\/catunescomujer.org\/gisalc\/wp-content\/uploads\/2019\/08\/convocatoria-expresiones-de-inter\u00e9s-510x374.jpg 510w, https:\/\/catunescomujer.org\/gisalc\/wp-content\/uploads\/2019\/08\/convocatoria-expresiones-de-inter\u00e9s-330x242.jpg 330w\" sizes=\"auto, (max-width: 130px) 100vw, 130px\" \/><\/a><div class=\"post_content\"><h5 class=\"clearfix margin_bottom_0\"><a href=\"https:\/\/catunescomujer.org\/gisalc\/se-abrio-una-nueva-convocatoria-de-expresiones-de-interes-estudios-de-caso-y-prototipos-para-el-diseno-de-genero-en-steam\/\" title=\"Se abri\u00f3 una nueva convocatoria de expresiones de inter\u00e9s: estudios de caso y prototipos para el dise\u00f1o de g\u00e9nero en STEAM\">Se abri\u00f3 una nueva convocatoria de expresiones de inter\u00e9s: estudios de caso y prototipos para el dise\u00f1o de g\u00e9nero en STEAM<\/a><\/h5><a title=\"READ MORE\" href=\"https:\/\/catunescomujer.org\/gisalc\/se-abrio-una-nueva-convocatoria-de-expresiones-de-interes-estudios-de-caso-y-prototipos-para-el-diseno-de-genero-en-steam\/\" class=\"read_more\"><span class=\"arrow\"><\/span><span>READ MORE<\/span><\/a><\/div><\/li><\/ul><\/div>[\/vc_column][vc_column width=\u00bb1\/3&#8243;]<div class=\"vc_row wpb_row vc_row-fluid\"><ul class=\"blog clearfix small\"><li class=\" post post-5818 type-post status-publish format-image has-post-thumbnail hentry category-recursos category-ciencia-recursos category-comunicacion category-tecnologia post_format-post-format-image\"><a class=\"post_image\" href=\"https:\/\/catunescomujer.org\/gisalc\/robots-sociales-que-son-y-como-impactan-en-nuestras-vidas\/\" title=\"Robots sociales: \u00bfqu\u00e9 son y c\u00f3mo impactan en nuestras vidas?\"><img loading=\"lazy\" decoding=\"async\" width=\"130\" height=\"95\" src=\"https:\/\/catunescomujer.org\/gisalc\/wp-content\/uploads\/2020\/01\/robot-130x95.png\" class=\"attachment-pressroom-gallery-thumb-type-3 size-pressroom-gallery-thumb-type-3 wp-post-image\" alt=\"Robots sociales: \u00bfqu\u00e9 son y c\u00f3mo impactan en nuestras vidas?\" title=\"\" srcset=\"https:\/\/catunescomujer.org\/gisalc\/wp-content\/uploads\/2020\/01\/robot-130x95.png 130w, https:\/\/catunescomujer.org\/gisalc\/wp-content\/uploads\/2020\/01\/robot-510x374.png 510w, https:\/\/catunescomujer.org\/gisalc\/wp-content\/uploads\/2020\/01\/robot-330x242.png 330w\" sizes=\"auto, (max-width: 130px) 100vw, 130px\" \/><\/a><div class=\"post_content\"><h5 class=\"clearfix margin_bottom_0\"><a href=\"https:\/\/catunescomujer.org\/gisalc\/robots-sociales-que-son-y-como-impactan-en-nuestras-vidas\/\" title=\"Robots sociales: \u00bfqu\u00e9 son y c\u00f3mo impactan en nuestras vidas?\">Robots sociales: \u00bfqu\u00e9 son y c\u00f3mo impactan en nuestras vidas?<\/a><\/h5><a title=\"READ MORE\" href=\"https:\/\/catunescomujer.org\/gisalc\/robots-sociales-que-son-y-como-impactan-en-nuestras-vidas\/\" class=\"read_more\"><span class=\"arrow\"><\/span><span>READ MORE<\/span><\/a><\/div><\/li><li class=\" post post-5615 type-post status-publish format-image has-post-thumbnail hentry category-recursos category-tecnologia post_format-post-format-image\"><a class=\"post_image\" href=\"https:\/\/catunescomujer.org\/gisalc\/rachel-zimmerman-inventora-de-una-impresora-de-simbolos-para-ayudar-a-personas-con-problemas-de-comunicacion-blissymbols\/\" title=\"Rachel Zimmerman, inventora de una impresora de s\u00edmbolos para ayudar a personas con problemas de comunicaci\u00f3n: &lt;i&gt;Blissymbols&lt;\/i&gt;\"><img loading=\"lazy\" decoding=\"async\" width=\"130\" height=\"95\" src=\"https:\/\/catunescomujer.org\/gisalc\/wp-content\/uploads\/2019\/08\/zimmerman-130x95.png\" class=\"attachment-pressroom-gallery-thumb-type-3 size-pressroom-gallery-thumb-type-3 wp-post-image\" alt=\"Rachel Zimmerman, inventora de una impresora de s\u00edmbolos para ayudar a personas con problemas de comunicaci\u00f3n: &lt;i&gt;Blissymbols&lt;\/i&gt;\" title=\"\" srcset=\"https:\/\/catunescomujer.org\/gisalc\/wp-content\/uploads\/2019\/08\/zimmerman-130x95.png 130w, https:\/\/catunescomujer.org\/gisalc\/wp-content\/uploads\/2019\/08\/zimmerman-510x374.png 510w, https:\/\/catunescomujer.org\/gisalc\/wp-content\/uploads\/2019\/08\/zimmerman-330x242.png 330w\" sizes=\"auto, (max-width: 130px) 100vw, 130px\" \/><\/a><div class=\"post_content\"><h5 class=\"clearfix margin_bottom_0\"><a href=\"https:\/\/catunescomujer.org\/gisalc\/rachel-zimmerman-inventora-de-una-impresora-de-simbolos-para-ayudar-a-personas-con-problemas-de-comunicacion-blissymbols\/\" title=\"Rachel Zimmerman, inventora de una impresora de s\u00edmbolos para ayudar a personas con problemas de comunicaci\u00f3n: &lt;i&gt;Blissymbols&lt;\/i&gt;\">Rachel Zimmerman, inventora de una impresora de s\u00edmbolos para ayudar a personas con problemas de comunicaci\u00f3n: <i>Blissymbols<\/i><\/a><\/h5><a title=\"READ MORE\" href=\"https:\/\/catunescomujer.org\/gisalc\/rachel-zimmerman-inventora-de-una-impresora-de-simbolos-para-ayudar-a-personas-con-problemas-de-comunicacion-blissymbols\/\" class=\"read_more\"><span class=\"arrow\"><\/span><span>READ MORE<\/span><\/a><\/div><\/li><li class=\" post post-5324 type-post status-publish format-image has-post-thumbnail hentry category-recursos category-tecnologia post_format-post-format-image\"><a class=\"post_image\" href=\"https:\/\/catunescomujer.org\/gisalc\/promover-la-participacion-de-las-ninas-en-las-tic-nuestro-compromiso-para-todo-el-ano\/\" title=\"Promover la participaci\u00f3n de las Ni\u00f1as en las TIC: Nuestro compromiso para todo el a\u00f1o\"><img loading=\"lazy\" decoding=\"async\" width=\"130\" height=\"95\" src=\"https:\/\/catunescomujer.org\/gisalc\/wp-content\/uploads\/2019\/04\/imagen-redes-calendatic-2019-130x95.png\" class=\"attachment-pressroom-gallery-thumb-type-3 size-pressroom-gallery-thumb-type-3 wp-post-image\" alt=\"Promover la participaci\u00f3n de las Ni\u00f1as en las TIC: Nuestro compromiso para todo el a\u00f1o\" title=\"\" srcset=\"https:\/\/catunescomujer.org\/gisalc\/wp-content\/uploads\/2019\/04\/imagen-redes-calendatic-2019-130x95.png 130w, https:\/\/catunescomujer.org\/gisalc\/wp-content\/uploads\/2019\/04\/imagen-redes-calendatic-2019-510x374.png 510w, https:\/\/catunescomujer.org\/gisalc\/wp-content\/uploads\/2019\/04\/imagen-redes-calendatic-2019-330x242.png 330w\" sizes=\"auto, (max-width: 130px) 100vw, 130px\" \/><\/a><div class=\"post_content\"><h5 class=\"clearfix margin_bottom_0\"><a href=\"https:\/\/catunescomujer.org\/gisalc\/promover-la-participacion-de-las-ninas-en-las-tic-nuestro-compromiso-para-todo-el-ano\/\" title=\"Promover la participaci\u00f3n de las Ni\u00f1as en las TIC: Nuestro compromiso para todo el a\u00f1o\">Promover la participaci\u00f3n de las Ni\u00f1as en las TIC: Nuestro compromiso para todo el a\u00f1o<\/a><\/h5><a title=\"READ MORE\" href=\"https:\/\/catunescomujer.org\/gisalc\/promover-la-participacion-de-las-ninas-en-las-tic-nuestro-compromiso-para-todo-el-ano\/\" class=\"read_more\"><span class=\"arrow\"><\/span><span>READ MORE<\/span><\/a><\/div><\/li><li class=\" post post-4300 type-post status-publish format-image has-post-thumbnail hentry category-recursos category-tecnologia category-videos post_format-post-format-image\"><a class=\"post_image\" href=\"https:\/\/catunescomujer.org\/gisalc\/programa-tecnologia-y-genero\/\" title=\"Programa Tecnolog\u00eda y G\u00e9nero\"><img loading=\"lazy\" decoding=\"async\" width=\"130\" height=\"95\" src=\"https:\/\/catunescomujer.org\/gisalc\/wp-content\/uploads\/2017\/03\/tecygenero-130x95.jpg\" class=\"attachment-pressroom-gallery-thumb-type-3 size-pressroom-gallery-thumb-type-3 wp-post-image\" alt=\"Programa Tecnolog\u00eda y G\u00e9nero\" title=\"\" srcset=\"https:\/\/catunescomujer.org\/gisalc\/wp-content\/uploads\/2017\/03\/tecygenero-130x95.jpg 130w, https:\/\/catunescomujer.org\/gisalc\/wp-content\/uploads\/2017\/03\/tecygenero-330x242.jpg 330w\" sizes=\"auto, (max-width: 130px) 100vw, 130px\" \/><\/a><div class=\"post_content\"><h5 class=\"clearfix margin_bottom_0\"><a href=\"https:\/\/catunescomujer.org\/gisalc\/programa-tecnologia-y-genero\/\" title=\"Programa Tecnolog\u00eda y G\u00e9nero\">Programa Tecnolog\u00eda y G\u00e9nero<\/a><\/h5><a title=\"READ MORE\" href=\"https:\/\/catunescomujer.org\/gisalc\/programa-tecnologia-y-genero\/\" class=\"read_more\"><span class=\"arrow\"><\/span><span>READ MORE<\/span><\/a><\/div><\/li><\/ul><\/div>[\/vc_column][\/vc_row]<\/p>\n<\/div>","protected":false},"excerpt":{"rendered":"<p>[vc_row][vc_column][\/vc_column][\/vc_row][vc_row][vc_column width=\u00bb1\/3&#8243;][\/vc_column][vc_column width=\u00bb1\/3&#8243;][\/vc_column][vc_column width=\u00bb1\/3&#8243;][\/vc_column][\/vc_row]<\/p>\n","protected":false},"author":1,"featured_media":0,"parent":115,"menu_order":2,"comment_status":"closed","ping_status":"closed","template":"","meta":{"footnotes":""},"class_list":["post-3421","page","type-page","status-publish","hentry"],"_links":{"self":[{"href":"https:\/\/catunescomujer.org\/gisalc\/wp-json\/wp\/v2\/pages\/3421","targetHints":{"allow":["GET"]}}],"collection":[{"href":"https:\/\/catunescomujer.org\/gisalc\/wp-json\/wp\/v2\/pages"}],"about":[{"href":"https:\/\/catunescomujer.org\/gisalc\/wp-json\/wp\/v2\/types\/page"}],"author":[{"embeddable":true,"href":"https:\/\/catunescomujer.org\/gisalc\/wp-json\/wp\/v2\/users\/1"}],"replies":[{"embeddable":true,"href":"https:\/\/catunescomujer.org\/gisalc\/wp-json\/wp\/v2\/comments?post=3421"}],"version-history":[{"count":33,"href":"https:\/\/catunescomujer.org\/gisalc\/wp-json\/wp\/v2\/pages\/3421\/revisions"}],"predecessor-version":[{"id":3749,"href":"https:\/\/catunescomujer.org\/gisalc\/wp-json\/wp\/v2\/pages\/3421\/revisions\/3749"}],"up":[{"embeddable":true,"href":"https:\/\/catunescomujer.org\/gisalc\/wp-json\/wp\/v2\/pages\/115"}],"wp:attachment":[{"href":"https:\/\/catunescomujer.org\/gisalc\/wp-json\/wp\/v2\/media?parent=3421"}],"curies":[{"name":"wp","href":"https:\/\/api.w.org\/{rel}","templated":true}]}}