{"id":3423,"date":"2015-12-17T11:12:07","date_gmt":"2015-12-17T14:12:07","guid":{"rendered":"http:\/\/darksalmon-goshawk-758951.hostingersite.com\/?page_id=3423"},"modified":"2016-03-29T08:19:19","modified_gmt":"2016-03-29T11:19:19","slug":"recursos-sobre-ingenieria","status":"publish","type":"page","link":"https:\/\/catunescomujer.org\/gisalc\/bitacora-de-recursos\/recursos-sobre-ingenieria\/","title":{"rendered":"Ingenier\u00eda"},"content":{"rendered":"<div class=\"wpb-content-wrapper\"><p>[vc_row][vc_column]<div class=\"divider_block clearfix\"><hr class=\"divider first\"><hr class=\"divider subheader_arrow\"><hr class=\"divider last\"><\/div>[\/vc_column][\/vc_row][vc_row][vc_column width=\u00bb1\/3&#8243;]<div class=\"vc_row wpb_row vc_row-fluid\"><ul class=\"blog clearfix small\"><li class=\" post post-5525 type-post status-publish format-image has-post-thumbnail hentry category-recursos category-ingenieria category-videos post_format-post-format-image\"><a class=\"post_image\" href=\"https:\/\/catunescomujer.org\/gisalc\/mujeres-por-ingenieria-estudiantes-mujeres-de-areas-stem-se-unen-para-fortalecer-la-igualdad-de-genero\/\" title=\"\u201cMujeres por Ingenier\u00eda\u201d: estudiantes mujeres de \u00e1reas STEM se unen para fortalecer la igualdad de g\u00e9nero\"><img loading=\"lazy\" decoding=\"async\" width=\"130\" height=\"95\" src=\"https:\/\/catunescomujer.org\/gisalc\/wp-content\/uploads\/2019\/07\/MujeresxIngenier\u00eda-130x95.jpg\" class=\"attachment-pressroom-gallery-thumb-type-3 size-pressroom-gallery-thumb-type-3 wp-post-image\" alt=\"\u201cMujeres por Ingenier\u00eda\u201d: estudiantes mujeres de \u00e1reas STEM se unen para fortalecer la igualdad de g\u00e9nero\" title=\"\" srcset=\"https:\/\/catunescomujer.org\/gisalc\/wp-content\/uploads\/2019\/07\/MujeresxIngenier\u00eda-130x95.jpg 130w, https:\/\/catunescomujer.org\/gisalc\/wp-content\/uploads\/2019\/07\/MujeresxIngenier\u00eda-510x374.jpg 510w, https:\/\/catunescomujer.org\/gisalc\/wp-content\/uploads\/2019\/07\/MujeresxIngenier\u00eda-330x242.jpg 330w\" sizes=\"auto, (max-width: 130px) 100vw, 130px\" \/><\/a><div class=\"post_content\"><h5 class=\"clearfix margin_bottom_0\"><a href=\"https:\/\/catunescomujer.org\/gisalc\/mujeres-por-ingenieria-estudiantes-mujeres-de-areas-stem-se-unen-para-fortalecer-la-igualdad-de-genero\/\" title=\"\u201cMujeres por Ingenier\u00eda\u201d: estudiantes mujeres de \u00e1reas STEM se unen para fortalecer la igualdad de g\u00e9nero\">\u201cMujeres por Ingenier\u00eda\u201d: estudiantes mujeres de \u00e1reas STEM se unen para fortalecer la igualdad de g\u00e9nero<\/a><\/h5><a title=\"READ MORE\" href=\"https:\/\/catunescomujer.org\/gisalc\/mujeres-por-ingenieria-estudiantes-mujeres-de-areas-stem-se-unen-para-fortalecer-la-igualdad-de-genero\/\" class=\"read_more\"><span class=\"arrow\"><\/span><span>READ MORE<\/span><\/a><\/div><\/li><li class=\" post post-2837 type-post status-publish format-image has-post-thumbnail hentry category-recursos category-ingenieria post_format-post-format-image\"><a class=\"post_image\" href=\"https:\/\/catunescomujer.org\/gisalc\/mujeres-en-la-ingenieria-claro-que-si\/\" title=\"\u00bfMujeres en la ingenier\u00eda? \u00a1Claro que s\u00ed!\"><img loading=\"lazy\" decoding=\"async\" width=\"130\" height=\"95\" src=\"https:\/\/catunescomujer.org\/gisalc\/wp-content\/uploads\/2015\/08\/woman_turbine_original_0-130x95.jpg\" class=\"attachment-pressroom-gallery-thumb-type-3 size-pressroom-gallery-thumb-type-3 wp-post-image\" alt=\"\u00bfMujeres en la ingenier\u00eda? \u00a1Claro que s\u00ed!\" title=\"\" \/><\/a><div class=\"post_content\"><h5 class=\"clearfix margin_bottom_0\"><a href=\"https:\/\/catunescomujer.org\/gisalc\/mujeres-en-la-ingenieria-claro-que-si\/\" title=\"\u00bfMujeres en la ingenier\u00eda? \u00a1Claro que s\u00ed!\">\u00bfMujeres en la ingenier\u00eda? \u00a1Claro que s\u00ed!<\/a><\/h5><a title=\"READ MORE\" href=\"https:\/\/catunescomujer.org\/gisalc\/mujeres-en-la-ingenieria-claro-que-si\/\" class=\"read_more\"><span class=\"arrow\"><\/span><span>READ MORE<\/span><\/a><\/div><\/li><li class=\" post post-5590 type-post status-publish format-image has-post-thumbnail hentry category-recursos category-comunicacion category-ingenieria post_format-post-format-image\"><a class=\"post_image\" href=\"https:\/\/catunescomujer.org\/gisalc\/una-universidad-holandesa-solo-contratara-mujeres-durante-los-proximos-18-meses\/\" title=\"Una universidad holandesa solo contratar\u00e1 mujeres durante los pr\u00f3ximos 18 meses\"><img loading=\"lazy\" decoding=\"async\" width=\"130\" height=\"95\" src=\"https:\/\/catunescomujer.org\/gisalc\/wp-content\/uploads\/2019\/07\/Universidad-Holanda-130x95.jpg\" class=\"attachment-pressroom-gallery-thumb-type-3 size-pressroom-gallery-thumb-type-3 wp-post-image\" alt=\"Una universidad holandesa solo contratar\u00e1 mujeres durante los pr\u00f3ximos 18 meses\" title=\"\" srcset=\"https:\/\/catunescomujer.org\/gisalc\/wp-content\/uploads\/2019\/07\/Universidad-Holanda-130x95.jpg 130w, https:\/\/catunescomujer.org\/gisalc\/wp-content\/uploads\/2019\/07\/Universidad-Holanda-330x242.jpg 330w\" sizes=\"auto, (max-width: 130px) 100vw, 130px\" \/><\/a><div class=\"post_content\"><h5 class=\"clearfix margin_bottom_0\"><a href=\"https:\/\/catunescomujer.org\/gisalc\/una-universidad-holandesa-solo-contratara-mujeres-durante-los-proximos-18-meses\/\" title=\"Una universidad holandesa solo contratar\u00e1 mujeres durante los pr\u00f3ximos 18 meses\">Una universidad holandesa solo contratar\u00e1 mujeres durante los pr\u00f3ximos 18 meses<\/a><\/h5><a title=\"READ MORE\" href=\"https:\/\/catunescomujer.org\/gisalc\/una-universidad-holandesa-solo-contratara-mujeres-durante-los-proximos-18-meses\/\" class=\"read_more\"><span class=\"arrow\"><\/span><span>READ MORE<\/span><\/a><\/div><\/li><\/ul><\/div>[\/vc_column][vc_column width=\u00bb1\/3&#8243;]<div class=\"vc_row wpb_row vc_row-fluid\"><ul class=\"blog clearfix small\"><li class=\" post post-5512 type-post status-publish format-image has-post-thumbnail hentry category-recursos category-ciencia category-ingenieria post_format-post-format-image\"><a class=\"post_image\" href=\"https:\/\/catunescomujer.org\/gisalc\/un-impactante-avance-de-las-mujeres-en-el-campo-de-la-ingenieria-y-en-particular-de-la-inteligencia-artificial-nuria-oliver-se-integra-a-la-real-academia-de-ingenieria-de-espana\/\" title=\"Un impactante avance de las mujeres en el campo de la ingenier\u00eda, y en particular de la inteligencia artificial: Nuria Oliver se integra a la Real Academia de Ingenier\u00eda de Espa\u00f1a\"><img loading=\"lazy\" decoding=\"async\" width=\"130\" height=\"95\" src=\"https:\/\/catunescomujer.org\/gisalc\/wp-content\/uploads\/2019\/06\/Nuria-Oliver-con-medalla-y-diploma-11.12.18-130x95.jpg\" class=\"attachment-pressroom-gallery-thumb-type-3 size-pressroom-gallery-thumb-type-3 wp-post-image\" alt=\"Un impactante avance de las mujeres en el campo de la ingenier\u00eda, y en particular de la inteligencia artificial: Nuria Oliver se integra a la Real Academia de Ingenier\u00eda de Espa\u00f1a\" title=\"\" srcset=\"https:\/\/catunescomujer.org\/gisalc\/wp-content\/uploads\/2019\/06\/Nuria-Oliver-con-medalla-y-diploma-11.12.18-130x95.jpg 130w, https:\/\/catunescomujer.org\/gisalc\/wp-content\/uploads\/2019\/06\/Nuria-Oliver-con-medalla-y-diploma-11.12.18-330x242.jpg 330w\" sizes=\"auto, (max-width: 130px) 100vw, 130px\" \/><\/a><div class=\"post_content\"><h5 class=\"clearfix margin_bottom_0\"><a href=\"https:\/\/catunescomujer.org\/gisalc\/un-impactante-avance-de-las-mujeres-en-el-campo-de-la-ingenieria-y-en-particular-de-la-inteligencia-artificial-nuria-oliver-se-integra-a-la-real-academia-de-ingenieria-de-espana\/\" title=\"Un impactante avance de las mujeres en el campo de la ingenier\u00eda, y en particular de la inteligencia artificial: Nuria Oliver se integra a la Real Academia de Ingenier\u00eda de Espa\u00f1a\">Un impactante avance de las mujeres en el campo de la ingenier\u00eda, y en particular de la inteligencia artificial: Nuria Oliver se integra a la Real Academia de Ingenier\u00eda de Espa\u00f1a<\/a><\/h5><a title=\"READ MORE\" href=\"https:\/\/catunescomujer.org\/gisalc\/un-impactante-avance-de-las-mujeres-en-el-campo-de-la-ingenieria-y-en-particular-de-la-inteligencia-artificial-nuria-oliver-se-integra-a-la-real-academia-de-ingenieria-de-espana\/\" class=\"read_more\"><span class=\"arrow\"><\/span><span>READ MORE<\/span><\/a><\/div><\/li><li class=\" post post-5576 type-post status-publish format-image has-post-thumbnail hentry category-recursos category-conferencias category-ingenieria post_format-post-format-image\"><a class=\"post_image\" href=\"https:\/\/catunescomujer.org\/gisalc\/se-abre-la-convocatoria-para-participar-en-la-conferencia-red-de-genero-y-stem-2020-en-australia-educacion-en-stem-para-el-nuevo-orden-de-trabajo-politica-practica-y-asociaciones\/\" title=\"Se abri\u00f3 la convocatoria para participar en la Conferencia Red de G\u00e9nero y STEM 2020 en Australia: \u201cEducaci\u00f3n en STEM para el nuevo orden de trabajo: pol\u00edtica, pr\u00e1ctica y asociaciones\u201d\"><img loading=\"lazy\" decoding=\"async\" width=\"130\" height=\"95\" src=\"https:\/\/catunescomujer.org\/gisalc\/wp-content\/uploads\/2019\/07\/Australia-Stem-130x95.png\" class=\"attachment-pressroom-gallery-thumb-type-3 size-pressroom-gallery-thumb-type-3 wp-post-image\" alt=\"Se abri\u00f3 la convocatoria para participar en la Conferencia Red de G\u00e9nero y STEM 2020 en Australia: \u201cEducaci\u00f3n en STEM para el nuevo orden de trabajo: pol\u00edtica, pr\u00e1ctica y asociaciones\u201d\" title=\"\" srcset=\"https:\/\/catunescomujer.org\/gisalc\/wp-content\/uploads\/2019\/07\/Australia-Stem-130x95.png 130w, https:\/\/catunescomujer.org\/gisalc\/wp-content\/uploads\/2019\/07\/Australia-Stem-510x374.png 510w, https:\/\/catunescomujer.org\/gisalc\/wp-content\/uploads\/2019\/07\/Australia-Stem-330x242.png 330w\" sizes=\"auto, (max-width: 130px) 100vw, 130px\" \/><\/a><div class=\"post_content\"><h5 class=\"clearfix margin_bottom_0\"><a href=\"https:\/\/catunescomujer.org\/gisalc\/se-abre-la-convocatoria-para-participar-en-la-conferencia-red-de-genero-y-stem-2020-en-australia-educacion-en-stem-para-el-nuevo-orden-de-trabajo-politica-practica-y-asociaciones\/\" title=\"Se abri\u00f3 la convocatoria para participar en la Conferencia Red de G\u00e9nero y STEM 2020 en Australia: \u201cEducaci\u00f3n en STEM para el nuevo orden de trabajo: pol\u00edtica, pr\u00e1ctica y asociaciones\u201d\">Se abri\u00f3 la convocatoria para participar en la Conferencia Red de G\u00e9nero y STEM 2020 en Australia: \u201cEducaci\u00f3n en STEM para el nuevo orden de trabajo: pol\u00edtica, pr\u00e1ctica y asociaciones\u201d<\/a><\/h5><a title=\"READ MORE\" href=\"https:\/\/catunescomujer.org\/gisalc\/se-abre-la-convocatoria-para-participar-en-la-conferencia-red-de-genero-y-stem-2020-en-australia-educacion-en-stem-para-el-nuevo-orden-de-trabajo-politica-practica-y-asociaciones\/\" class=\"read_more\"><span class=\"arrow\"><\/span><span>READ MORE<\/span><\/a><\/div><\/li><li class=\" post post-6131 type-post status-publish format-image has-post-thumbnail hentry category-recursos category-ingenieria category-sin-categoria post_format-post-format-image\"><a class=\"post_image\" href=\"https:\/\/catunescomujer.org\/gisalc\/roseanne-diab-en-el-foro-de-ciencia-y-tecnologia-en-la-sociedad\/\" title=\"Roseanne Diab en el foro de Ciencia y Tecnolog\u00eda en la Sociedad\"><img loading=\"lazy\" decoding=\"async\" width=\"130\" height=\"95\" src=\"https:\/\/catunescomujer.org\/gisalc\/wp-content\/uploads\/2020\/10\/diab-130x95.jpg\" class=\"attachment-pressroom-gallery-thumb-type-3 size-pressroom-gallery-thumb-type-3 wp-post-image\" alt=\"Roseanne Diab en el foro de Ciencia y Tecnolog\u00eda en la Sociedad\" title=\"\" srcset=\"https:\/\/catunescomujer.org\/gisalc\/wp-content\/uploads\/2020\/10\/diab-130x95.jpg 130w, https:\/\/catunescomujer.org\/gisalc\/wp-content\/uploads\/2020\/10\/diab-510x374.jpg 510w, https:\/\/catunescomujer.org\/gisalc\/wp-content\/uploads\/2020\/10\/diab-330x242.jpg 330w\" sizes=\"auto, (max-width: 130px) 100vw, 130px\" \/><\/a><div class=\"post_content\"><h5 class=\"clearfix margin_bottom_0\"><a href=\"https:\/\/catunescomujer.org\/gisalc\/roseanne-diab-en-el-foro-de-ciencia-y-tecnologia-en-la-sociedad\/\" title=\"Roseanne Diab en el foro de Ciencia y Tecnolog\u00eda en la Sociedad\">Roseanne Diab en el foro de Ciencia y Tecnolog\u00eda en la Sociedad<\/a><\/h5><a title=\"READ MORE\" href=\"https:\/\/catunescomujer.org\/gisalc\/roseanne-diab-en-el-foro-de-ciencia-y-tecnologia-en-la-sociedad\/\" class=\"read_more\"><span class=\"arrow\"><\/span><span>READ MORE<\/span><\/a><\/div><\/li><\/ul><\/div>[\/vc_column][vc_column width=\u00bb1\/3&#8243;][\/vc_column][\/vc_row]<\/p>\n<\/div>","protected":false},"excerpt":{"rendered":"<p>[vc_row][vc_column][\/vc_column][\/vc_row][vc_row][vc_column width=\u00bb1\/3&#8243;][\/vc_column][vc_column width=\u00bb1\/3&#8243;][\/vc_column][vc_column width=\u00bb1\/3&#8243;][\/vc_column][\/vc_row]<\/p>\n","protected":false},"author":1,"featured_media":0,"parent":115,"menu_order":3,"comment_status":"closed","ping_status":"closed","template":"","meta":{"footnotes":""},"class_list":["post-3423","page","type-page","status-publish","hentry"],"_links":{"self":[{"href":"https:\/\/catunescomujer.org\/gisalc\/wp-json\/wp\/v2\/pages\/3423","targetHints":{"allow":["GET"]}}],"collection":[{"href":"https:\/\/catunescomujer.org\/gisalc\/wp-json\/wp\/v2\/pages"}],"about":[{"href":"https:\/\/catunescomujer.org\/gisalc\/wp-json\/wp\/v2\/types\/page"}],"author":[{"embeddable":true,"href":"https:\/\/catunescomujer.org\/gisalc\/wp-json\/wp\/v2\/users\/1"}],"replies":[{"embeddable":true,"href":"https:\/\/catunescomujer.org\/gisalc\/wp-json\/wp\/v2\/comments?post=3423"}],"version-history":[{"count":45,"href":"https:\/\/catunescomujer.org\/gisalc\/wp-json\/wp\/v2\/pages\/3423\/revisions"}],"predecessor-version":[{"id":3753,"href":"https:\/\/catunescomujer.org\/gisalc\/wp-json\/wp\/v2\/pages\/3423\/revisions\/3753"}],"up":[{"embeddable":true,"href":"https:\/\/catunescomujer.org\/gisalc\/wp-json\/wp\/v2\/pages\/115"}],"wp:attachment":[{"href":"https:\/\/catunescomujer.org\/gisalc\/wp-json\/wp\/v2\/media?parent=3423"}],"curies":[{"name":"wp","href":"https:\/\/api.w.org\/{rel}","templated":true}]}}