{"id":3912,"date":"2016-04-04T15:39:57","date_gmt":"2016-04-04T18:39:57","guid":{"rendered":"http:\/\/darksalmon-goshawk-758951.hostingersite.com\/?page_id=3912"},"modified":"2020-10-02T16:48:32","modified_gmt":"2020-10-02T19:48:32","slug":"ciencia-innovacion-tecnologia-e-ingenieria-en-alc","status":"publish","type":"page","link":"https:\/\/catunescomujer.org\/gisalc\/en-red\/ciencia-innovacion-tecnologia-e-ingenieria-en-alc\/","title":{"rendered":"Ciencia, Innovaci\u00f3n, Tecnolog\u00eda e Ingenier\u00eda en ALC"},"content":{"rendered":"<div class=\"wpb-content-wrapper\"><p>[vc_row][vc_column width=\u00bb1\/4&#8243;][vc_column_text]<\/p>\n<h2 class=\"page_title\">G\u00e9nero en Ciencia, Innovaci\u00f3n, Tecnolog\u00eda e Ingenier\u00eda en Am\u00e9rica Latina y el Caribe<\/h2>\n<p>Click sobre el mapa para conocer las organizaciones con las que trabajamos.[\/vc_column_text][\/vc_column][vc_column width=\u00bb3\/4&#8243;][vc_column_text]<div class=\"hotspot-container\" data-slideshow=\"false\" data-slideshowdelay=\"5000\" data-autohide=\"true\" data-autohidedelay=\"1000\" data-loop=\"false\" data-triggerby=\"mouseover\" data-sticky=\"\" data-clickimageclose=\"false\" data-dropinease=\"false\" data-displayvideo=\"false\" data-customicon=\"http:\/\/darksalmon-goshawk-758951.hostingersite.com\/wp-content\/uploads\/2015\/01\/marker-s.png\"><div class=\"popover top\" data-easein=\"cardInTop\" data-easeout=\"cardOutTop\" data-width=\"\" data-top=\"279\" data-left=\"617\" data-direction=\"top\" style=\"display:none\" data-style=\"\">\n\t\t\t\t\t\t    <div class=\"cq-arrow\"><\/div>\n\t\t\t\t\t\t    <div class=\"popover-inner\"><div class=\"popover-content\">\n\t\t\t\t\t\t        <p>CETIC, Centro Regional de Estudos para o Desenvolvimento da Sociedade da Informa\u00e7\u00e3o, Brasil.<\/p>\n\t\t\t\t\t\t      <\/div>\n\t\t\t\t\t\t    <\/div>\n\t\t\t\t\t\t  <\/div><a href=\"#\" class=\"info-icon cq-hotspot-custom-icon\" data-top=\"279\" data-left=\"617\" data-link=\"\" data-target=\"_self\" style=\"display:none;top:-1000px;\"><span class=\"cq-hotspot-label\" style=\"\"><\/span><\/a><div class=\"popover top\" data-easein=\"cardInTop\" data-easeout=\"cardOutTop\" data-width=\"\" data-top=\"487\" data-left=\"450\" data-direction=\"top\" style=\"display:none\" data-style=\"\">\n\t\t\t\t\t\t    <div class=\"cq-arrow\"><\/div>\n\t\t\t\t\t\t    <div class=\"popover-inner\"><div class=\"popover-content\">\n\t\t\t\t\t\t        <p>MINCYT, Ministerio de Ciencia, Tecnolog\u00eda e Innovaci\u00f3n, Argentina.<\/p>\n\t\t\t\t\t\t      <\/div>\n\t\t\t\t\t\t    <\/div>\n\t\t\t\t\t\t  <\/div><a href=\"#\" class=\"info-icon cq-hotspot-custom-icon\" data-top=\"487\" data-left=\"450\" data-link=\"\" data-target=\"_self\" style=\"display:none;top:-1000px;\"><span class=\"cq-hotspot-label\" style=\"\"><\/span><\/a><div class=\"popover top\" data-easein=\"cardInTop\" data-easeout=\"cardOutTop\" data-width=\"\" data-top=\"469\" data-left=\"471\" data-direction=\"top\" style=\"display:none\" data-style=\"\">\n\t\t\t\t\t\t    <div class=\"cq-arrow\"><\/div>\n\t\t\t\t\t\t    <div class=\"popover-inner\"><div class=\"popover-content\">\n\t\t\t\t\t\t        <p>CONICET, Consejo Nacional de Investigaciones Cient\u00edficas y T\u00e9cnicas, Argentina.<\/p>\n\t\t\t\t\t\t      <\/div>\n\t\t\t\t\t\t    <\/div>\n\t\t\t\t\t\t  <\/div><a href=\"#\" class=\"info-icon cq-hotspot-custom-icon\" data-top=\"469\" data-left=\"471\" data-link=\"\" data-target=\"_self\" style=\"display:none;top:-1000px;\"><span class=\"cq-hotspot-label\" style=\"\"><\/span><\/a><div class=\"popover top\" data-easein=\"cardInTop\" data-easeout=\"cardOutTop\" data-width=\"\" data-top=\"463\" data-left=\"523\" data-direction=\"top\" style=\"display:none\" data-style=\"\">\n\t\t\t\t\t\t    <div class=\"cq-arrow\"><\/div>\n\t\t\t\t\t\t    <div class=\"popover-inner\"><div class=\"popover-content\">\n\t\t\t\t\t\t        <p>Facultad de Ciencias Exactas, Universidad de Buenos Aires, Argentina.<\/p>\n\t\t\t\t\t\t      <\/div>\n\t\t\t\t\t\t    <\/div>\n\t\t\t\t\t\t  <\/div><a href=\"#\" class=\"info-icon cq-hotspot-custom-icon\" data-top=\"463\" data-left=\"523\" data-link=\"\" data-target=\"_self\" style=\"display:none;top:-1000px;\"><span class=\"cq-hotspot-label\" style=\"\"><\/span><\/a><div class=\"popover top\" data-easein=\"cardInTop\" data-easeout=\"cardOutTop\" data-width=\"\" data-top=\"405\" data-left=\"486\" data-direction=\"top\" style=\"display:none\" data-style=\"\">\n\t\t\t\t\t\t    <div class=\"cq-arrow\"><\/div>\n\t\t\t\t\t\t    <div class=\"popover-inner\"><div class=\"popover-content\">\n\t\t\t\t\t\t        <p>Universidad Tecnol\u00f3gica Nacional, Argentina.<\/p>\n\t\t\t\t\t\t      <\/div>\n\t\t\t\t\t\t    <\/div>\n\t\t\t\t\t\t  <\/div><a href=\"#\" class=\"info-icon cq-hotspot-custom-icon\" data-top=\"405\" data-left=\"486\" data-link=\"\" data-target=\"_self\" style=\"display:none;top:-1000px;\"><span class=\"cq-hotspot-label\" style=\"\"><\/span><\/a><div class=\"popover top\" data-easein=\"cardInTop\" data-easeout=\"cardOutTop\" data-width=\"\" data-top=\"440\" data-left=\"511\" data-direction=\"top\" style=\"display:none\" data-style=\"\">\n\t\t\t\t\t\t    <div class=\"cq-arrow\"><\/div>\n\t\t\t\t\t\t    <div class=\"popover-inner\"><div class=\"popover-content\">\n\t\t\t\t\t\t        <p>Universidad Nacional de R\u00edo Negro, Argentina.<\/p>\n\t\t\t\t\t\t      <\/div>\n\t\t\t\t\t\t    <\/div>\n\t\t\t\t\t\t  <\/div><a href=\"#\" class=\"info-icon cq-hotspot-custom-icon\" data-top=\"440\" data-left=\"511\" data-link=\"\" data-target=\"_self\" style=\"display:none;top:-1000px;\"><span class=\"cq-hotspot-label\" style=\"\"><\/span><\/a><div class=\"popover top\" data-easein=\"cardInTop\" data-easeout=\"cardOutTop\" data-width=\"\" data-top=\"406\" data-left=\"509\" data-direction=\"top\" style=\"display:none\" data-style=\"\">\n\t\t\t\t\t\t    <div class=\"cq-arrow\"><\/div>\n\t\t\t\t\t\t    <div class=\"popover-inner\"><div class=\"popover-content\">\n\t\t\t\t\t\t        <p>CESSI, C\u00e1mara de Empresas de Software y Servicios Inform\u00e1ticos, Argentina.<\/p>\n\t\t\t\t\t\t      <\/div>\n\t\t\t\t\t\t    <\/div>\n\t\t\t\t\t\t  <\/div><a href=\"#\" class=\"info-icon cq-hotspot-custom-icon\" data-top=\"406\" data-left=\"509\" data-link=\"\" data-target=\"_self\" style=\"display:none;top:-1000px;\"><span class=\"cq-hotspot-label\" style=\"\"><\/span><\/a><div class=\"popover top\" data-easein=\"cardInTop\" data-easeout=\"cardOutTop\" data-width=\"\" data-top=\"434\" data-left=\"484\" data-direction=\"top\" style=\"display:none\" data-style=\"\">\n\t\t\t\t\t\t    <div class=\"cq-arrow\"><\/div>\n\t\t\t\t\t\t    <div class=\"popover-inner\"><div class=\"popover-content\">\n\t\t\t\t\t\t        <p>Polo IT, Argentina.<\/p>\n\t\t\t\t\t\t      <\/div>\n\t\t\t\t\t\t    <\/div>\n\t\t\t\t\t\t  <\/div><a href=\"#\" class=\"info-icon cq-hotspot-custom-icon\" data-top=\"434\" data-left=\"484\" data-link=\"\" data-target=\"_self\" style=\"display:none;top:-1000px;\"><span class=\"cq-hotspot-label\" style=\"\"><\/span><\/a><div class=\"popover top\" data-easein=\"cardInTop\" data-easeout=\"cardOutTop\" data-width=\"\" data-top=\"469\" data-left=\"502\" data-direction=\"top\" style=\"display:none\" data-style=\"\">\n\t\t\t\t\t\t    <div class=\"cq-arrow\"><\/div>\n\t\t\t\t\t\t    <div class=\"popover-inner\"><div class=\"popover-content\">\n\t\t\t\t\t\t        <p>GOOGLE, Argentina.<\/p>\n\t\t\t\t\t\t      <\/div>\n\t\t\t\t\t\t    <\/div>\n\t\t\t\t\t\t  <\/div><a href=\"#\" class=\"info-icon cq-hotspot-custom-icon\" data-top=\"469\" data-left=\"502\" data-link=\"\" data-target=\"_self\" style=\"display:none;top:-1000px;\"><span class=\"cq-hotspot-label\" style=\"\"><\/span><\/a><div class=\"popover top\" data-easein=\"cardInTop\" data-easeout=\"cardOutTop\" data-width=\"\" data-top=\"448\" data-left=\"416\" data-direction=\"top\" style=\"display:none\" data-style=\"\">\n\t\t\t\t\t\t    <div class=\"cq-arrow\"><\/div>\n\t\t\t\t\t\t    <div class=\"popover-inner\"><div class=\"popover-content\">\n\t\t\t\t\t\t        <p>CONICYT \u2013 Chile.<\/p>\n\t\t\t\t\t\t      <\/div>\n\t\t\t\t\t\t    <\/div>\n\t\t\t\t\t\t  <\/div><a href=\"#\" class=\"info-icon cq-hotspot-custom-icon\" data-top=\"448\" data-left=\"416\" data-link=\"\" data-target=\"_self\" style=\"display:none;top:-1000px;\"><span class=\"cq-hotspot-label\" style=\"\"><\/span><\/a><div class=\"popover top\" data-easein=\"cardInTop\" data-easeout=\"cardOutTop\" data-width=\"\" data-top=\"55\" data-left=\"118\" data-direction=\"top\" style=\"display:none\" data-style=\"\">\n\t\t\t\t\t\t    <div class=\"cq-arrow\"><\/div>\n\t\t\t\t\t\t    <div class=\"popover-inner\"><div class=\"popover-content\">\n\t\t\t\t\t\t        <p>PUEG-UNAM, M\u00e9xico.<\/p>\n\t\t\t\t\t\t      <\/div>\n\t\t\t\t\t\t    <\/div>\n\t\t\t\t\t\t  <\/div><a href=\"#\" class=\"info-icon cq-hotspot-custom-icon\" data-top=\"55\" data-left=\"118\" data-link=\"\" data-target=\"_self\" style=\"display:none;top:-1000px;\"><span class=\"cq-hotspot-label\" style=\"\"><\/span><\/a><div class=\"popover top\" data-easein=\"cardInTop\" data-easeout=\"cardOutTop\" data-width=\"\" data-top=\"85\" data-left=\"167\" data-direction=\"top\" style=\"display:none\" data-style=\"\">\n\t\t\t\t\t\t    <div class=\"cq-arrow\"><\/div>\n\t\t\t\t\t\t    <div class=\"popover-inner\"><div class=\"popover-content\">\n\t\t\t\t\t\t        <p>TEC Monterrey, M\u00e9xico.<\/p>\n\t\t\t\t\t\t      <\/div>\n\t\t\t\t\t\t    <\/div>\n\t\t\t\t\t\t  <\/div><a href=\"#\" class=\"info-icon cq-hotspot-custom-icon\" data-top=\"85\" data-left=\"167\" data-link=\"\" data-target=\"_self\" style=\"display:none;top:-1000px;\"><span class=\"cq-hotspot-label\" style=\"\"><\/span><\/a><div class=\"popover top\" data-easein=\"cardInTop\" data-easeout=\"cardOutTop\" data-width=\"\" data-top=\"155\" data-left=\"308\" data-direction=\"top\" style=\"display:none\" data-style=\"\">\n\t\t\t\t\t\t    <div class=\"cq-arrow\"><\/div>\n\t\t\t\t\t\t    <div class=\"popover-inner\"><div class=\"popover-content\">\n\t\t\t\t\t\t        <p>Cooperativa Sul\u00e1 Bats\u00fa, Costa Rica.<\/p>\n\t\t\t\t\t\t      <\/div>\n\t\t\t\t\t\t    <\/div>\n\t\t\t\t\t\t  <\/div><a href=\"#\" class=\"info-icon cq-hotspot-custom-icon\" data-top=\"155\" data-left=\"308\" data-link=\"\" data-target=\"_self\" style=\"display:none;top:-1000px;\"><span class=\"cq-hotspot-label\" style=\"\"><\/span><\/a><div class=\"popover top\" data-easein=\"cardInTop\" data-easeout=\"cardOutTop\" data-width=\"\" data-top=\"92\" data-left=\"432\" data-direction=\"top\" style=\"display:none\" data-style=\"\">\n\t\t\t\t\t\t    <div class=\"cq-arrow\"><\/div>\n\t\t\t\t\t\t    <div class=\"popover-inner\"><div class=\"popover-content\">\n\t\t\t\t\t\t        <p>CIPAF, Centro de Investigaci\u00f3n para la acci\u00f3n femenina, Rep\u00fablica Dominicana.<\/p>\n\t\t\t\t\t\t      <\/div>\n\t\t\t\t\t\t    <\/div>\n\t\t\t\t\t\t  <\/div><a href=\"#\" class=\"info-icon cq-hotspot-custom-icon\" data-top=\"92\" data-left=\"432\" data-link=\"\" data-target=\"_self\" style=\"display:none;top:-1000px;\"><span class=\"cq-hotspot-label\" style=\"\"><\/span><\/a><div class=\"popover top\" data-easein=\"cardInTop\" data-easeout=\"cardOutTop\" data-width=\"\" data-top=\"437\" data-left=\"563\" data-direction=\"top\" style=\"display:none\" data-style=\"\">\n\t\t\t\t\t\t    <div class=\"cq-arrow\"><\/div>\n\t\t\t\t\t\t    <div class=\"popover-inner\"><div class=\"popover-content\">\n\t\t\t\t\t\t        <p>Oficina Regional de Ciencia de la UNESCO para Am\u00e9rica Latina y el Caribe, Uruguay.<\/p>\n\t\t\t\t\t\t      <\/div>\n\t\t\t\t\t\t    <\/div>\n\t\t\t\t\t\t  <\/div><a href=\"#\" class=\"info-icon cq-hotspot-custom-icon\" data-top=\"437\" data-left=\"563\" data-link=\"\" data-target=\"_self\" style=\"display:none;top:-1000px;\"><span class=\"cq-hotspot-label\" style=\"\"><\/span><\/a><div class=\"popover top\" data-easein=\"cardInTop\" data-easeout=\"cardOutTop\" data-width=\"\" data-top=\"302\" data-left=\"395\" data-direction=\"top\" style=\"display:none\" data-style=\"\">\n\t\t\t\t\t\t    <div class=\"cq-arrow\"><\/div>\n\t\t\t\t\t\t    <div class=\"popover-inner\"><div class=\"popover-content\">\n\t\t\t\t\t\t        <p>Instituto de Estudios Peruanos, Per\u00fa.<\/p>\n\t\t\t\t\t\t      <\/div>\n\t\t\t\t\t\t    <\/div>\n\t\t\t\t\t\t  <\/div><a href=\"#\" class=\"info-icon cq-hotspot-custom-icon\" data-top=\"302\" data-left=\"395\" data-link=\"\" data-target=\"_self\" style=\"display:none;top:-1000px;\"><span class=\"cq-hotspot-label\" style=\"\"><\/span><\/a><div class=\"popover top\" data-easein=\"cardInTop\" data-easeout=\"cardOutTop\" data-width=\"\" data-top=\"284\" data-left=\"372\" data-direction=\"top\" style=\"display:none\" data-style=\"\">\n\t\t\t\t\t\t    <div class=\"cq-arrow\"><\/div>\n\t\t\t\t\t\t    <div class=\"popover-inner\"><div class=\"popover-content\">\n\t\t\t\t\t\t        <p>Pontificia Universidad Cat\u00f3lica del Per\u00fa, Per\u00fa.<\/p>\n\t\t\t\t\t\t      <\/div>\n\t\t\t\t\t\t    <\/div>\n\t\t\t\t\t\t  <\/div><a href=\"#\" class=\"info-icon cq-hotspot-custom-icon\" data-top=\"284\" data-left=\"372\" data-link=\"\" data-target=\"_self\" style=\"display:none;top:-1000px;\"><span class=\"cq-hotspot-label\" style=\"\"><\/span><\/a><div class=\"popover top\" data-easein=\"cardInTop\" data-easeout=\"cardOutTop\" data-width=\"\" data-top=\"159\" data-left=\"348\" data-direction=\"top\" style=\"display:none\" data-style=\"\">\n\t\t\t\t\t\t    <div class=\"cq-arrow\"><\/div>\n\t\t\t\t\t\t    <div class=\"popover-inner\"><div class=\"popover-content\">\n\t\t\t\t\t\t        <p>SENACYT - Secretar\u00eda Nacional de Ciencia, Tecnologia e Innovaci\u00f3n. Panam\u00e1<\/p>\n\t\t\t\t\t\t      <\/div>\n\t\t\t\t\t\t    <\/div>\n\t\t\t\t\t\t  <\/div><a href=\"#\" class=\"info-icon cq-hotspot-custom-icon\" data-top=\"159\" data-left=\"348\" data-link=\"\" data-target=\"_self\" style=\"display:none;top:-1000px;\"><span class=\"cq-hotspot-label\" style=\"\"><\/span><\/a><div class=\"popover top\" data-easein=\"cardInTop\" data-easeout=\"cardOutTop\" data-width=\"\" data-top=\"197\" data-left=\"403\" data-direction=\"top\" style=\"display:none\" data-style=\"\">\n\t\t\t\t\t\t    <div class=\"cq-arrow\"><\/div>\n\t\t\t\t\t\t    <div class=\"popover-inner\"><div class=\"popover-content\">\n\t\t\t\t\t\t        <p>Colciencias. Colombia<\/p>\n\t\t\t\t\t\t      <\/div>\n\t\t\t\t\t\t    <\/div>\n\t\t\t\t\t\t  <\/div><a href=\"#\" class=\"info-icon cq-hotspot-custom-icon\" data-top=\"197\" data-left=\"403\" data-link=\"\" data-target=\"_self\" style=\"display:none;top:-1000px;\"><span class=\"cq-hotspot-label\" style=\"\"><\/span><\/a><div class=\"popover top\" data-easein=\"cardInTop\" data-easeout=\"cardOutTop\" data-width=\"\" data-top=\"477\" data-left=\"409\" data-direction=\"top\" style=\"display:none\" data-style=\"\">\n\t\t\t\t\t\t    <div class=\"cq-arrow\"><\/div>\n\t\t\t\t\t\t    <div class=\"popover-inner\"><div class=\"popover-content\">\n\t\t\t\t\t\t        <p>Asuntos de G\u00e9nero - Comisi\u00f3n Econ\u00f3mica para Am\u00e9rica Latina y el Caribe. Chile<\/p>\n\t\t\t\t\t\t      <\/div>\n\t\t\t\t\t\t    <\/div>\n\t\t\t\t\t\t  <\/div><a href=\"#\" class=\"info-icon cq-hotspot-custom-icon\" data-top=\"477\" data-left=\"409\" data-link=\"\" data-target=\"_self\" style=\"display:none;top:-1000px;\"><span class=\"cq-hotspot-label\" style=\"\"><\/span><\/a><div class=\"popover top\" data-easein=\"cardInTop\" data-easeout=\"cardOutTop\" data-width=\"\" data-top=\"45\" data-left=\"138\" data-direction=\"top\" style=\"display:none\" data-style=\"\">\n\t\t\t\t\t\t    <div class=\"cq-arrow\"><\/div>\n\t\t\t\t\t\t    <div class=\"popover-inner\"><div class=\"popover-content\">\n\t\t\t\t\t\t        <p>Grupos Mujer y Ciencia - UNAM. M\u00e9xico<\/p>\n\t\t\t\t\t\t      <\/div>\n\t\t\t\t\t\t    <\/div>\n\t\t\t\t\t\t  <\/div><a href=\"#\" class=\"info-icon cq-hotspot-custom-icon\" data-top=\"45\" data-left=\"138\" data-link=\"\" data-target=\"_self\" style=\"display:none;top:-1000px;\"><span class=\"cq-hotspot-label\" style=\"\"><\/span><\/a><div class=\"popover top\" data-easein=\"cardInTop\" data-easeout=\"cardOutTop\" data-width=\"\" data-top=\"67\" data-left=\"150\" data-direction=\"top\" style=\"display:none\" data-style=\"\">\n\t\t\t\t\t\t    <div class=\"cq-arrow\"><\/div>\n\t\t\t\t\t\t    <div class=\"popover-inner\"><div class=\"popover-content\">\n\t\t\t\t\t\t        <p>Instituto de Investigaciones Sociales - UNAM. M\u00e9xico<\/p>\n\t\t\t\t\t\t      <\/div>\n\t\t\t\t\t\t    <\/div>\n\t\t\t\t\t\t  <\/div><a href=\"#\" class=\"info-icon cq-hotspot-custom-icon\" data-top=\"67\" data-left=\"150\" data-link=\"\" data-target=\"_self\" style=\"display:none;top:-1000px;\"><span class=\"cq-hotspot-label\" style=\"\"><\/span><\/a><img decoding=\"async\" src=\"http:\/\/darksalmon-goshawk-758951.hostingersite.com\/wp-content\/uploads\/2015\/01\/map-latam-3d2.png\" class=\"popover-image\"  \/><\/div>[\/vc_column_text][vc_raw_html]JTNDc3R5bGUlM0UlMEFoMS5wb3N0X3RpdGxlJTJDJTBBLnBvc3RfZGV0YWlscyUwQSU3QmRpc3BsYXklM0ElMjBub25lJTNCJTdEJTBBLnBhZ2VfbWFyZ2luX3RvcF9zZWN0aW9uJTIwJTdCJTBBJTIwJTIwJTIwJTIwbWFyZ2luLXRvcCUzQSUyMDAlM0IlMEElN0QlMEElM0MlMkZzdHlsZSUzRQ==[\/vc_raw_html][\/vc_column][\/vc_row]<\/p>\n<\/div>","protected":false},"excerpt":{"rendered":"<p>[vc_row][vc_column width=\u00bb1\/4&#8243;][vc_column_text] G\u00e9nero en Ciencia, Innovaci\u00f3n, Tecnolog\u00eda e Ingenier\u00eda en Am\u00e9rica Latina y el Caribe Click sobre el mapa para conocer las organizaciones con las que trabajamos.[\/vc_column_text][\/vc_column][vc_column width=\u00bb3\/4&#8243;][vc_column_text][\/vc_column_text][vc_raw_html]JTNDc3R5bGUlM0UlMEFoMS5wb3N0X3RpdGxlJTJDJTBBLnBvc3RfZGV0YWlscyUwQSU3QmRpc3BsYXklM0ElMjBub25lJTNCJTdEJTBBLnBhZ2VfbWFyZ2luX3RvcF9zZWN0aW9uJTIwJTdCJTBBJTIwJTIwJTIwJTIwbWFyZ2luLXRvcCUzQSUyMDAlM0IlMEElN0QlMEElM0MlMkZzdHlsZSUzRQ==[\/vc_raw_html][\/vc_column][\/vc_row]<\/p>\n","protected":false},"author":1,"featured_media":0,"parent":3697,"menu_order":2,"comment_status":"closed","ping_status":"closed","template":"template-default-without-breadcrumbs.php","meta":{"footnotes":""},"class_list":["post-3912","page","type-page","status-publish","hentry"],"_links":{"self":[{"href":"https:\/\/catunescomujer.org\/gisalc\/wp-json\/wp\/v2\/pages\/3912","targetHints":{"allow":["GET"]}}],"collection":[{"href":"https:\/\/catunescomujer.org\/gisalc\/wp-json\/wp\/v2\/pages"}],"about":[{"href":"https:\/\/catunescomujer.org\/gisalc\/wp-json\/wp\/v2\/types\/page"}],"author":[{"embeddable":true,"href":"https:\/\/catunescomujer.org\/gisalc\/wp-json\/wp\/v2\/users\/1"}],"replies":[{"embeddable":true,"href":"https:\/\/catunescomujer.org\/gisalc\/wp-json\/wp\/v2\/comments?post=3912"}],"version-history":[{"count":41,"href":"https:\/\/catunescomujer.org\/gisalc\/wp-json\/wp\/v2\/pages\/3912\/revisions"}],"predecessor-version":[{"id":3996,"href":"https:\/\/catunescomujer.org\/gisalc\/wp-json\/wp\/v2\/pages\/3912\/revisions\/3996"}],"up":[{"embeddable":true,"href":"https:\/\/catunescomujer.org\/gisalc\/wp-json\/wp\/v2\/pages\/3697"}],"wp:attachment":[{"href":"https:\/\/catunescomujer.org\/gisalc\/wp-json\/wp\/v2\/media?parent=3912"}],"curies":[{"name":"wp","href":"https:\/\/api.w.org\/{rel}","templated":true}]}}