{"id":849,"date":"2015-01-14T10:18:25","date_gmt":"2015-01-14T10:18:25","guid":{"rendered":"http:\/\/localhost\/wordpress\/pressroom\/?page_id=438"},"modified":"2022-10-12T15:26:22","modified_gmt":"2022-10-12T18:26:22","slug":"home-style-3","status":"publish","type":"page","link":"https:\/\/catunescomujer.org\/gisalc\/","title":{"rendered":"INICIO"},"content":{"rendered":"<div class=\"wpb-content-wrapper\"><p>[vc_row top_margin=\u00bbpage_margin_top\u00bb][vc_column width=\u00bb2\/3&#8243;]<div class=\"caroufredsel_wrapper caroufredsel_wrapper_small_slider\"><ul class=\"small_slider small_slider id-small_slider autoplay-0 interval-5000 pause_on_hover-1\"><li class=\"slide\"><a href=\"https:\/\/catunescomujer.org\/gisalc\/convocatoria-premios-owsd-fundacion-elsevier-para-jovenes-cientificas-en-el-mundo-en-desarrollo\/\" title=\"Convocatoria: Premios OWSD \u2013 Fundaci\u00f3n Elsevier para j\u00f3venes cient\u00edficas en el mundo en desarrollo\"><img loading=\"lazy\" decoding=\"async\" width=\"690\" height=\"450\" src=\"https:\/\/catunescomujer.org\/gisalc\/wp-content\/uploads\/2021\/08\/elsevier-690x450.png\" class=\"attachment-small-slider-thumb size-small-slider-thumb wp-post-image\" alt=\"INICIO\" title=\"\" srcset=\"https:\/\/catunescomujer.org\/gisalc\/wp-content\/uploads\/2021\/08\/elsevier-690x450.png 690w, https:\/\/catunescomujer.org\/gisalc\/wp-content\/uploads\/2021\/08\/elsevier-150x98.png 150w\" sizes=\"auto, (max-width: 690px) 100vw, 690px\" \/><\/a><div class=\"slider_content_box\"><h2><a href=\"https:\/\/catunescomujer.org\/gisalc\/convocatoria-premios-owsd-fundacion-elsevier-para-jovenes-cientificas-en-el-mundo-en-desarrollo\/\" title=\"Convocatoria: Premios OWSD \u2013 Fundaci\u00f3n Elsevier para j\u00f3venes cient\u00edficas en el mundo en desarrollo\">Convocatoria: Premios OWSD \u2013 Fundaci\u00f3n Elsevier para j\u00f3venes cient\u00edficas en el mundo en desarrollo<\/a><\/h2>\r\n\t\t\t<p class=\"clearfix\">Las aplicaciones se recibir\u00e1n hasta el 28\/10\/2021 (24:00 CET)<\/p>\r\n\t\t<\/div><\/li><li class=\"slide\"><a href=\"https:\/\/catunescomujer.org\/gisalc\/la-20a-cumbre-de-genero-lac-se-llevara-a-cabo-este-ano\/\" title=\"La 20\u00aa Cumbre de G\u00e9nero - LAC se llevar\u00e1 a cabo este a\u00f1o\"><img loading=\"lazy\" decoding=\"async\" width=\"690\" height=\"450\" src=\"https:\/\/catunescomujer.org\/gisalc\/wp-content\/uploads\/2021\/07\/gsummit2021-690x450.jpg\" class=\"attachment-small-slider-thumb size-small-slider-thumb wp-post-image\" alt=\"INICIO\" title=\"\" srcset=\"https:\/\/catunescomujer.org\/gisalc\/wp-content\/uploads\/2021\/07\/gsummit2021-690x450.jpg 690w, https:\/\/catunescomujer.org\/gisalc\/wp-content\/uploads\/2021\/07\/gsummit2021-150x98.jpg 150w\" sizes=\"auto, (max-width: 690px) 100vw, 690px\" \/><\/a><div class=\"slider_content_box\"><h2><a href=\"https:\/\/catunescomujer.org\/gisalc\/la-20a-cumbre-de-genero-lac-se-llevara-a-cabo-este-ano\/\" title=\"La 20\u00aa Cumbre de G\u00e9nero - LAC se llevar\u00e1 a cabo este a\u00f1o\">La 20\u00aa Cumbre de G\u00e9nero - LAC se llevar\u00e1 a cabo este a\u00f1o<\/a><\/h2>\r\n\t\t\t<p class=\"clearfix\"><\/p>\r\n\t\t<\/div><\/li><li class=\"slide\"><a href=\"https:\/\/catunescomujer.org\/gisalc\/mujeres-latinoamericanas-en-ciencia-y-tecnologia\/\" title=\"Mujeres latinoamericanas en ciencia y tecnolog\u00eda\"><img loading=\"lazy\" decoding=\"async\" width=\"690\" height=\"450\" src=\"https:\/\/catunescomujer.org\/gisalc\/wp-content\/uploads\/2021\/07\/mujeres-latinoamericanas-onu-690x450.jpg\" class=\"attachment-small-slider-thumb size-small-slider-thumb wp-post-image\" alt=\"INICIO\" title=\"\" srcset=\"https:\/\/catunescomujer.org\/gisalc\/wp-content\/uploads\/2021\/07\/mujeres-latinoamericanas-onu-690x450.jpg 690w, https:\/\/catunescomujer.org\/gisalc\/wp-content\/uploads\/2021\/07\/mujeres-latinoamericanas-onu-150x98.jpg 150w\" sizes=\"auto, (max-width: 690px) 100vw, 690px\" \/><\/a><div class=\"slider_content_box\"><h2><a href=\"https:\/\/catunescomujer.org\/gisalc\/mujeres-latinoamericanas-en-ciencia-y-tecnologia\/\" title=\"Mujeres latinoamericanas en ciencia y tecnolog\u00eda\">Mujeres latinoamericanas en ciencia y tecnolog\u00eda<\/a><\/h2>\r\n\t\t\t<p class=\"clearfix\">M\u00e1s del 60% de las ni\u00f1as y ni\u00f1os que hoy ingresan a la escuela primaria ocupar\u00e1n empleos que hoy no existen.<\/p>\r\n\t\t<\/div><\/li><li class=\"slide\"><a href=\"https:\/\/catunescomujer.org\/gisalc\/transformaciones-en-proceso-hacia-la-institucionalizacion-de-politicas-y-programas-de-igualdad-de-genero-y-de-cambio-curricular-y-pedagogico-en-las-universidades-y-centros-de-investigacion-de-america\/\" title=\"Transformaciones en proceso: Hacia la institucionalizaci\u00f3n de pol\u00edticas y programas de igualdad de g\u00e9nero y de cambio curricular y pedag\u00f3gico en las universidades y centros de investigaci\u00f3n de Am\u00e9rica Latina.\"><img loading=\"lazy\" decoding=\"async\" width=\"690\" height=\"450\" src=\"https:\/\/catunescomujer.org\/gisalc\/wp-content\/uploads\/2020\/10\/facebook-event_-800600-690x450.jpg\" class=\"attachment-small-slider-thumb size-small-slider-thumb wp-post-image\" alt=\"INICIO\" title=\"\" srcset=\"https:\/\/catunescomujer.org\/gisalc\/wp-content\/uploads\/2020\/10\/facebook-event_-800600-690x450.jpg 690w, https:\/\/catunescomujer.org\/gisalc\/wp-content\/uploads\/2020\/10\/facebook-event_-800600-150x98.jpg 150w\" sizes=\"auto, (max-width: 690px) 100vw, 690px\" \/><\/a><div class=\"slider_content_box\"><h2><a href=\"https:\/\/catunescomujer.org\/gisalc\/transformaciones-en-proceso-hacia-la-institucionalizacion-de-politicas-y-programas-de-igualdad-de-genero-y-de-cambio-curricular-y-pedagogico-en-las-universidades-y-centros-de-investigacion-de-america\/\" title=\"Transformaciones en proceso: Hacia la institucionalizaci\u00f3n de pol\u00edticas y programas de igualdad de g\u00e9nero y de cambio curricular y pedag\u00f3gico en las universidades y centros de investigaci\u00f3n de Am\u00e9rica Latina.\">Transformaciones en proceso: Hacia la institucionalizaci\u00f3n de pol\u00edticas y programas de igualdad de g\u00e9nero y de cambio curricular y pedag\u00f3gico en las universidades y centros de investigaci\u00f3n de Am\u00e9rica Latina.<\/a><\/h2>\r\n\t\t\t<p class=\"clearfix\">Esta Jornada est\u00e1 organizada por la Comunidad de Pr\u00e1cticas de Pol\u00edticas y Programas de Igualdad de G\u00e9nero en las universidades y centros de investigaci\u00f3n de Am\u00e9rica Latina, en el marco del Proyecto Act on Gender financiado por el programa Horizon 2020 de la Uni\u00f3n Europea, y conformado por un consorcio de 17 prestigiosas instituciones acad\u00e9micas de 10 pa\u00edses europeos. \n<\/p>\r\n\t\t<\/div><\/li><li class=\"slide\"><a href=\"https:\/\/catunescomujer.org\/gisalc\/el-proyecto-actongender-en-latinoamerica\/\" title=\"El proyecto ACTonGender en Latinoam\u00e9rica\"><img loading=\"lazy\" decoding=\"async\" width=\"690\" height=\"450\" src=\"https:\/\/catunescomujer.org\/gisalc\/wp-content\/uploads\/2020\/08\/actweb-690x450.jpg\" class=\"attachment-small-slider-thumb size-small-slider-thumb wp-post-image\" alt=\"INICIO\" title=\"\" srcset=\"https:\/\/catunescomujer.org\/gisalc\/wp-content\/uploads\/2020\/08\/actweb-690x450.jpg 690w, https:\/\/catunescomujer.org\/gisalc\/wp-content\/uploads\/2020\/08\/actweb-150x98.jpg 150w\" sizes=\"auto, (max-width: 690px) 100vw, 690px\" \/><\/a><div class=\"slider_content_box\"><h2><a href=\"https:\/\/catunescomujer.org\/gisalc\/el-proyecto-actongender-en-latinoamerica\/\" title=\"El proyecto ACTonGender en Latinoam\u00e9rica\">El proyecto ACTonGender en Latinoam\u00e9rica<\/a><\/h2>\r\n\t\t\t<p class=\"clearfix\">El \u00c1rea de G\u00e9nero de FLACSO Argentina coordina la Comunidad de Pr\u00e1cticas sobre Pol\u00edticas y Planes de Igualdad de G\u00e9nero en Universidades Latinoamericanas. \r\n<\/p>\r\n\t\t<\/div><\/li><li class=\"slide\"><a href=\"https:\/\/catunescomujer.org\/gisalc\/transmision-del-iii-encuentro-de-mujeres-universitarias-y-cientificas-de-tucuman\/\" title=\"Transmisi\u00f3n del III Encuentro de Mujeres Universitarias y Cient\u00edficas de Tucum\u00e1n\"><img loading=\"lazy\" decoding=\"async\" width=\"690\" height=\"450\" src=\"https:\/\/catunescomujer.org\/gisalc\/wp-content\/uploads\/2020\/08\/emu-690x450.jpg\" class=\"attachment-small-slider-thumb size-small-slider-thumb wp-post-image\" alt=\"INICIO\" title=\"\" srcset=\"https:\/\/catunescomujer.org\/gisalc\/wp-content\/uploads\/2020\/08\/emu-690x450.jpg 690w, https:\/\/catunescomujer.org\/gisalc\/wp-content\/uploads\/2020\/08\/emu-150x98.jpg 150w\" sizes=\"auto, (max-width: 690px) 100vw, 690px\" \/><\/a><div class=\"slider_content_box\"><h2><a href=\"https:\/\/catunescomujer.org\/gisalc\/transmision-del-iii-encuentro-de-mujeres-universitarias-y-cientificas-de-tucuman\/\" title=\"Transmisi\u00f3n del III Encuentro de Mujeres Universitarias y Cient\u00edficas de Tucum\u00e1n\">Transmisi\u00f3n del III Encuentro de Mujeres Universitarias y Cient\u00edficas de Tucum\u00e1n<\/a><\/h2>\r\n\t\t\t<p class=\"clearfix\">El jueves 6 de Agosto se llevar\u00e1 a cabo de manera virtual el III Encuentro de Mujeres Universitarias y Cient\u00edficas de Tucum\u00e1n. <\/p>\r\n\t\t<\/div><\/li><li class=\"slide\"><a href=\"https:\/\/catunescomujer.org\/gisalc\/la-igualdad-de-genero-en-las-universidades-de-america-latina-aprendizajes-de-la-experiencia-y-propuestas-para-la-transformacion-institucional\/\" title=\"La igualdad de g\u00e9nero en las universidades de Am\u00e9rica Latina: aprendizajes de la experiencia y propuestas para la transformaci\u00f3n institucional\"><img loading=\"lazy\" decoding=\"async\" width=\"690\" height=\"450\" src=\"https:\/\/catunescomujer.org\/gisalc\/wp-content\/uploads\/2020\/07\/nota-UNAM-690x450.jpg\" class=\"attachment-small-slider-thumb size-small-slider-thumb wp-post-image\" alt=\"INICIO\" title=\"\" srcset=\"https:\/\/catunescomujer.org\/gisalc\/wp-content\/uploads\/2020\/07\/nota-UNAM-690x450.jpg 690w, https:\/\/catunescomujer.org\/gisalc\/wp-content\/uploads\/2020\/07\/nota-UNAM-150x98.jpg 150w\" sizes=\"auto, (max-width: 690px) 100vw, 690px\" \/><\/a><div class=\"slider_content_box\"><h2><a href=\"https:\/\/catunescomujer.org\/gisalc\/la-igualdad-de-genero-en-las-universidades-de-america-latina-aprendizajes-de-la-experiencia-y-propuestas-para-la-transformacion-institucional\/\" title=\"La igualdad de g\u00e9nero en las universidades de Am\u00e9rica Latina: aprendizajes de la experiencia y propuestas para la transformaci\u00f3n institucional\">La igualdad de g\u00e9nero en las universidades de Am\u00e9rica Latina: aprendizajes de la experiencia y propuestas para la transformaci\u00f3n institucional<\/a><\/h2>\r\n\t\t\t<p class=\"clearfix\">Conferencia de Gloria Bonder -coordinadora de la C\u00e1tedra Regional UNESCO Mujer, Ciencia y Tecnolog\u00eda de FLACSO, Argentina- en el marco del curso sobre Pol\u00edticas para la igualdad de g\u00e9nero en la Universidad Aut\u00f3noma de M\u00e9xico (UNAM), dirigido a directivos\/as de esta instituci\u00f3n.<\/p>\r\n\t\t<\/div><\/li><li class=\"slide\"><a href=\"https:\/\/catunescomujer.org\/gisalc\/educacion-con-igualdad-de-genero-una-meta-urgente-en-el-contexto-de-la-pandemia-covid-19\/\" title=\"Educaci\u00f3n con igualdad de g\u00e9nero, una meta urgente en el contexto de la pandemia COVID-19\"><img loading=\"lazy\" decoding=\"async\" width=\"690\" height=\"450\" src=\"https:\/\/catunescomujer.org\/gisalc\/wp-content\/uploads\/2020\/06\/Educaci\u00f3n-con-igualdad-de-g\u00e9nero-una-meta-urgente-en-el-contexto-de-la-pandemia-COVID-19-690x450.jpg\" class=\"attachment-small-slider-thumb size-small-slider-thumb wp-post-image\" alt=\"INICIO\" title=\"\" srcset=\"https:\/\/catunescomujer.org\/gisalc\/wp-content\/uploads\/2020\/06\/Educaci\u00f3n-con-igualdad-de-g\u00e9nero-una-meta-urgente-en-el-contexto-de-la-pandemia-COVID-19-690x450.jpg 690w, https:\/\/catunescomujer.org\/gisalc\/wp-content\/uploads\/2020\/06\/Educaci\u00f3n-con-igualdad-de-g\u00e9nero-una-meta-urgente-en-el-contexto-de-la-pandemia-COVID-19-150x98.jpg 150w\" sizes=\"auto, (max-width: 690px) 100vw, 690px\" \/><\/a><div class=\"slider_content_box\"><h2><a href=\"https:\/\/catunescomujer.org\/gisalc\/educacion-con-igualdad-de-genero-una-meta-urgente-en-el-contexto-de-la-pandemia-covid-19\/\" title=\"Educaci\u00f3n con igualdad de g\u00e9nero, una meta urgente en el contexto de la pandemia COVID-19\">Educaci\u00f3n con igualdad de g\u00e9nero, una meta urgente en el contexto de la pandemia COVID-19<\/a><\/h2>\r\n\t\t\t<p class=\"clearfix\">Gloria Bonder, directora del \u00c1rea G\u00e9nero, Sociedad y Pol\u00edticas de FLACSO, Argentina, fue convocada por ONU Mujeres, Argentina para desarrollar una conferencia dentro del ciclo de webinarios \u00bfC\u00f3mo transversalizar la perspectiva de g\u00e9nero ante la COVID-19? en el marco de la sesi\u00f3n dedicada a los cambios en las modalidades educativas. Se llev\u00f3 a cabo el 17 de junio de 2020.<\/p>\r\n\t\t<\/div><\/li><li class=\"slide\"><a href=\"https:\/\/catunescomujer.org\/gisalc\/un-avance-significativo-en-la-lucha-contra-el-covid-19-una-investigadora-argentina-desarrolla-un-test-para-la-deteccion-simplificada-del-virus\/\" title=\"Un avance significativo en la lucha contra el COVID-19: una investigadora argentina desarrolla un test para la detecci\u00f3n simplificada del virus\"><img loading=\"lazy\" decoding=\"async\" width=\"690\" height=\"450\" src=\"https:\/\/catunescomujer.org\/gisalc\/wp-content\/uploads\/2020\/05\/Untitled-1-690x450.jpg\" class=\"attachment-small-slider-thumb size-small-slider-thumb wp-post-image\" alt=\"INICIO\" title=\"\" srcset=\"https:\/\/catunescomujer.org\/gisalc\/wp-content\/uploads\/2020\/05\/Untitled-1-690x450.jpg 690w, https:\/\/catunescomujer.org\/gisalc\/wp-content\/uploads\/2020\/05\/Untitled-1-150x98.jpg 150w\" sizes=\"auto, (max-width: 690px) 100vw, 690px\" \/><\/a><div class=\"slider_content_box\"><h2><a href=\"https:\/\/catunescomujer.org\/gisalc\/un-avance-significativo-en-la-lucha-contra-el-covid-19-una-investigadora-argentina-desarrolla-un-test-para-la-deteccion-simplificada-del-virus\/\" title=\"Un avance significativo en la lucha contra el COVID-19: una investigadora argentina desarrolla un test para la detecci\u00f3n simplificada del virus\">Un avance significativo en la lucha contra el COVID-19: una investigadora argentina desarrolla un test para la detecci\u00f3n simplificada del virus<\/a><\/h2>\r\n\t\t\t<p class=\"clearfix\">En un momento in\u00e9dito, en el que la ciencia -a nivel mundial- busca con urgencia aportar soluciones frente a la pandemia del COVID-19, la Dra. Carolina Carrillo (Investigadora CONICET, Directora de Grupo de Investigaci\u00f3n y Desarrollo ICT Milstein CONICET) con su equipo de investigaci\u00f3n desarroll\u00f3 un test de r\u00e1pida aplicaci\u00f3n (y a bajo costo) para la detecci\u00f3n del virus. <\/p>\r\n\t\t<\/div><\/li><li class=\"slide\"><a href=\"https:\/\/catunescomujer.org\/gisalc\/la-igualdad-de-genero-avanza-en-todos-los-frentes\/\" title=\"La igualdad de g\u00e9nero avanza en todos los frentes\"><img loading=\"lazy\" decoding=\"async\" width=\"690\" height=\"450\" src=\"https:\/\/catunescomujer.org\/gisalc\/wp-content\/uploads\/2020\/03\/jornadas-para-web-690x450.jpg\" class=\"attachment-small-slider-thumb size-small-slider-thumb wp-post-image\" alt=\"INICIO\" title=\"\" srcset=\"https:\/\/catunescomujer.org\/gisalc\/wp-content\/uploads\/2020\/03\/jornadas-para-web-690x450.jpg 690w, https:\/\/catunescomujer.org\/gisalc\/wp-content\/uploads\/2020\/03\/jornadas-para-web-150x98.jpg 150w\" sizes=\"auto, (max-width: 690px) 100vw, 690px\" \/><\/a><div class=\"slider_content_box\"><h2><a href=\"https:\/\/catunescomujer.org\/gisalc\/la-igualdad-de-genero-avanza-en-todos-los-frentes\/\" title=\"La igualdad de g\u00e9nero avanza en todos los frentes\">La igualdad de g\u00e9nero avanza en todos los frentes<\/a><\/h2>\r\n\t\t\t<p class=\"clearfix\">Para conmemorar el 8 de marzo, D\u00eda Internacional de las Mujeres Trabajadoras, compartimos los principales ejes y resultados de las Jornadas \u201cG\u00e9nero, Ciencia, Tecnolog\u00eda e Innovaci\u00f3n: conocimientos estrat\u00e9gicos para el desarrollo humano y sostenible\u201d, que realizamos durante los d\u00edas 28 y 29 de noviembre de 2019 en Buenos Aires, con el apoyo de GenderInSITE y el auspicio de la OEI y la Embajada de Canad\u00e1.  <\/p>\r\n\t\t<\/div><\/li><li class=\"slide\"><a href=\"https:\/\/catunescomujer.org\/gisalc\/ciencia-tecnologia-e-innovacion-con-enfoque-de-igualdad-de-genero\/\" title=\"Ciencia, tecnolog\u00eda e innovaci\u00f3n con enfoque de igualdad de g\u00e9nero\"><img loading=\"lazy\" decoding=\"async\" width=\"690\" height=\"450\" src=\"https:\/\/catunescomujer.org\/gisalc\/wp-content\/uploads\/2019\/12\/Jornadas-690x450.jpg\" class=\"attachment-small-slider-thumb size-small-slider-thumb wp-post-image\" alt=\"INICIO\" title=\"\" srcset=\"https:\/\/catunescomujer.org\/gisalc\/wp-content\/uploads\/2019\/12\/Jornadas-690x450.jpg 690w, https:\/\/catunescomujer.org\/gisalc\/wp-content\/uploads\/2019\/12\/Jornadas-150x98.jpg 150w\" sizes=\"auto, (max-width: 690px) 100vw, 690px\" \/><\/a><div class=\"slider_content_box\"><h2><a href=\"https:\/\/catunescomujer.org\/gisalc\/ciencia-tecnologia-e-innovacion-con-enfoque-de-igualdad-de-genero\/\" title=\"Ciencia, tecnolog\u00eda e innovaci\u00f3n con enfoque de igualdad de g\u00e9nero\">Ciencia, tecnolog\u00eda e innovaci\u00f3n con enfoque de igualdad de g\u00e9nero<\/a><\/h2>\r\n\t\t\t<p class=\"clearfix\">Concluyeron las Jornadas G\u00e9nero, Ciencia, Tecnolog\u00eda e Innovaci\u00f3n: conocimientos estrat\u00e9gicos para el desarrollo humano y sostenible, realizadas el 28 y 29 de novimebre por la C\u00e1tedra Regional UNESCO Mujer, Ciencia y Tecnolog\u00eda en Am\u00e9rica Latina, con el apoyo de GenderInSITE y el auspicio de la OEI y la Embajada de Canad\u00e1. \u00a0<\/p>\r\n\t\t<\/div><\/li><li class=\"slide\"><a href=\"https:\/\/catunescomujer.org\/gisalc\/premio-unesco-de-educacion-de-las-ninas-y-las-mujeres-2019\/\" title=\"Premio UNESCO de educaci\u00f3n de las ni\u00f1as y las mujeres 2019\"><img loading=\"lazy\" decoding=\"async\" width=\"690\" height=\"450\" src=\"https:\/\/catunescomujer.org\/gisalc\/wp-content\/uploads\/2019\/12\/Diapositiva1-690x450.jpg\" class=\"attachment-small-slider-thumb size-small-slider-thumb wp-post-image\" alt=\"INICIO\" title=\"\" srcset=\"https:\/\/catunescomujer.org\/gisalc\/wp-content\/uploads\/2019\/12\/Diapositiva1-690x450.jpg 690w, https:\/\/catunescomujer.org\/gisalc\/wp-content\/uploads\/2019\/12\/Diapositiva1-150x98.jpg 150w\" sizes=\"auto, (max-width: 690px) 100vw, 690px\" \/><\/a><div class=\"slider_content_box\"><h2><a href=\"https:\/\/catunescomujer.org\/gisalc\/premio-unesco-de-educacion-de-las-ninas-y-las-mujeres-2019\/\" title=\"Premio UNESCO de educaci\u00f3n de las ni\u00f1as y las mujeres 2019\">Premio UNESCO de educaci\u00f3n de las ni\u00f1as y las mujeres 2019<\/a><\/h2>\r\n\t\t\t<p class=\"clearfix\">El 11 de octubre, el D\u00eda Mundial de la Ni\u00f1a, en la sede de la UNESCO en Par\u00eds, se realiz\u00f3 la ceremonia de premiaci\u00f3n que cada a\u00f1o reconoce las iniciativas que trabajan por la igualdad de g\u00e9nero en la educaci\u00f3n. <\/p>\r\n\t\t<\/div><\/li><\/ul><\/div><h4 class=\"box_header page_margin_top\">Anuncios<\/h4><div class=\"vc_row wpb_row vc_row-fluid\"><div class=\"vc_col-sm-4 wpb_column vc_column_container\"><ul class=\"blog three_columns clearfix page_margin_top\"><li class=\" post post-6244 type-post status-publish format-image has-post-thumbnail hentry category-recursos category-ciencia-recursos category-conferencias category-investigacion post_format-post-format-image\"><a class=\"post_image\" href=\"https:\/\/catunescomujer.org\/gisalc\/la-violencia-contra-las-mujeres-perspectivas-historicas-y-comparativas\/\" title=\"La violencia contra las mujeres: perspectivas hist\u00f3ricas y comparativas\"><img loading=\"lazy\" decoding=\"async\" width=\"510\" height=\"374\" src=\"https:\/\/catunescomujer.org\/gisalc\/wp-content\/uploads\/2021\/09\/violence-510x374.jpg\" class=\"attachment-blog-post-thumb-big size-blog-post-thumb-big wp-post-image\" alt=\"La violencia contra las mujeres: perspectivas hist\u00f3ricas y comparativas\" title=\"\" srcset=\"https:\/\/catunescomujer.org\/gisalc\/wp-content\/uploads\/2021\/09\/violence-510x374.jpg 510w, https:\/\/catunescomujer.org\/gisalc\/wp-content\/uploads\/2021\/09\/violence-330x242.jpg 330w, https:\/\/catunescomujer.org\/gisalc\/wp-content\/uploads\/2021\/09\/violence-130x95.jpg 130w\" sizes=\"auto, (max-width: 510px) 100vw, 510px\" \/><\/a><h2 class=\"clearfix\"><a href=\"https:\/\/catunescomujer.org\/gisalc\/la-violencia-contra-las-mujeres-perspectivas-historicas-y-comparativas\/\" title=\"La violencia contra las mujeres: perspectivas hist\u00f3ricas y comparativas\">La violencia contra las mujeres: perspectivas hist\u00f3ricas y comparativas<\/a><\/h2><a title=\"READ MORE\" href=\"https:\/\/catunescomujer.org\/gisalc\/la-violencia-contra-las-mujeres-perspectivas-historicas-y-comparativas\/\" class=\"read_more\"><span class=\"arrow\"><\/span><span>READ MORE<\/span><\/a><\/li><\/ul><\/div><div class=\"vc_col-sm-4 wpb_column vc_column_container\"><ul class=\"blog three_columns clearfix page_margin_top\"><li class=\" post post-6238 type-post status-publish format-image has-post-thumbnail hentry category-recursos category-ciencia-recursos category-sin-categoria post_format-post-format-image\"><a class=\"post_image\" href=\"https:\/\/catunescomujer.org\/gisalc\/la-declaracion-jena-sobre-sostenibilidad\/\" title=\"LA DECLARACI\u00d3N JENA SOBRE SOSTENIBILIDAD\"><img loading=\"lazy\" decoding=\"async\" width=\"510\" height=\"374\" src=\"https:\/\/catunescomujer.org\/gisalc\/wp-content\/uploads\/2021\/09\/jena-510x374.jpg\" class=\"attachment-blog-post-thumb-big size-blog-post-thumb-big wp-post-image\" alt=\"LA DECLARACI\u00d3N JENA SOBRE SOSTENIBILIDAD\" title=\"\" srcset=\"https:\/\/catunescomujer.org\/gisalc\/wp-content\/uploads\/2021\/09\/jena-510x374.jpg 510w, https:\/\/catunescomujer.org\/gisalc\/wp-content\/uploads\/2021\/09\/jena-330x242.jpg 330w, https:\/\/catunescomujer.org\/gisalc\/wp-content\/uploads\/2021\/09\/jena-130x95.jpg 130w\" sizes=\"auto, (max-width: 510px) 100vw, 510px\" \/><\/a><h2 class=\"clearfix\"><a href=\"https:\/\/catunescomujer.org\/gisalc\/la-declaracion-jena-sobre-sostenibilidad\/\" title=\"LA DECLARACI\u00d3N JENA SOBRE SOSTENIBILIDAD\">LA DECLARACI\u00d3N JENA SOBRE SOSTENIBILIDAD<\/a><\/h2><a title=\"READ MORE\" href=\"https:\/\/catunescomujer.org\/gisalc\/la-declaracion-jena-sobre-sostenibilidad\/\" class=\"read_more\"><span class=\"arrow\"><\/span><span>READ MORE<\/span><\/a><\/li><\/ul><\/div><div class=\"vc_col-sm-4 wpb_column vc_column_container\"><ul class=\"blog three_columns clearfix page_margin_top\"><li class=\" post post-6208 type-post status-publish format-image has-post-thumbnail hentry category-recursos category-ingenieria category-sin-categoria post_format-post-format-image\"><a class=\"post_image\" href=\"https:\/\/catunescomujer.org\/gisalc\/libro-dinamicas-de-genero-en-el-uso-de-las-tecnologias-digitales\/\" title=\"Libro: \u00abDin\u00e1micas de g\u00e9nero en el uso de las tecnolog\u00edas digitales\u00bb\"><img loading=\"lazy\" decoding=\"async\" width=\"510\" height=\"374\" src=\"https:\/\/catunescomujer.org\/gisalc\/wp-content\/uploads\/2021\/07\/publicacion-510x374.jpg\" class=\"attachment-blog-post-thumb-big size-blog-post-thumb-big wp-post-image\" alt=\"Libro: \u00abDin\u00e1micas de g\u00e9nero en el uso de las tecnolog\u00edas digitales\u00bb\" title=\"\" srcset=\"https:\/\/catunescomujer.org\/gisalc\/wp-content\/uploads\/2021\/07\/publicacion-510x374.jpg 510w, https:\/\/catunescomujer.org\/gisalc\/wp-content\/uploads\/2021\/07\/publicacion-330x242.jpg 330w, https:\/\/catunescomujer.org\/gisalc\/wp-content\/uploads\/2021\/07\/publicacion-130x95.jpg 130w\" sizes=\"auto, (max-width: 510px) 100vw, 510px\" \/><\/a><h2 class=\"clearfix\"><a href=\"https:\/\/catunescomujer.org\/gisalc\/libro-dinamicas-de-genero-en-el-uso-de-las-tecnologias-digitales\/\" title=\"Libro: \u00abDin\u00e1micas de g\u00e9nero en el uso de las tecnolog\u00edas digitales\u00bb\">Libro: \u00abDin\u00e1micas de g\u00e9nero en el uso de las tecnolog\u00edas digitales\u00bb<\/a><\/h2><a title=\"READ MORE\" href=\"https:\/\/catunescomujer.org\/gisalc\/libro-dinamicas-de-genero-en-el-uso-de-las-tecnologias-digitales\/\" class=\"read_more\"><span class=\"arrow\"><\/span><span>READ MORE<\/span><\/a><\/li><\/ul><\/div><\/div>[vc_empty_space][\/vc_column][vc_column width=\u00bb1\/3&#8243;]<h4 class=\"box_header\">\u00daltimos Tweets<\/h4>[vc_widget_sidebar sidebar_id=\u00bbside-bar-home-calendar\u00bb][vc_empty_space][vc_widget_sidebar sidebar_id=\u00bbsidebar-categorias\u00bb el_class=\u00bbcat-item\u00bb][\/vc_column][\/vc_row]<\/p>\n<\/div>","protected":false},"excerpt":{"rendered":"<p>[vc_row top_margin=\u00bbpage_margin_top\u00bb][vc_column width=\u00bb2\/3&#8243;][vc_empty_space][\/vc_column][vc_column width=\u00bb1\/3&#8243;][vc_widget_sidebar sidebar_id=\u00bbside-bar-home-calendar\u00bb][vc_empty_space][vc_widget_sidebar sidebar_id=\u00bbsidebar-categorias\u00bb el_class=\u00bbcat-item\u00bb][\/vc_column][\/vc_row]<\/p>\n","protected":false},"author":1,"featured_media":0,"parent":0,"menu_order":1,"comment_status":"closed","ping_status":"closed","template":"template-default-without-breadcrumbs.php","meta":{"footnotes":""},"class_list":["post-849","page","type-page","status-publish","hentry"],"_links":{"self":[{"href":"https:\/\/catunescomujer.org\/gisalc\/wp-json\/wp\/v2\/pages\/849","targetHints":{"allow":["GET"]}}],"collection":[{"href":"https:\/\/catunescomujer.org\/gisalc\/wp-json\/wp\/v2\/pages"}],"about":[{"href":"https:\/\/catunescomujer.org\/gisalc\/wp-json\/wp\/v2\/types\/page"}],"author":[{"embeddable":true,"href":"https:\/\/catunescomujer.org\/gisalc\/wp-json\/wp\/v2\/users\/1"}],"replies":[{"embeddable":true,"href":"https:\/\/catunescomujer.org\/gisalc\/wp-json\/wp\/v2\/comments?post=849"}],"version-history":[{"count":371,"href":"https:\/\/catunescomujer.org\/gisalc\/wp-json\/wp\/v2\/pages\/849\/revisions"}],"predecessor-version":[{"id":6248,"href":"https:\/\/catunescomujer.org\/gisalc\/wp-json\/wp\/v2\/pages\/849\/revisions\/6248"}],"wp:attachment":[{"href":"https:\/\/catunescomujer.org\/gisalc\/wp-json\/wp\/v2\/media?parent=849"}],"curies":[{"name":"wp","href":"https:\/\/api.w.org\/{rel}","templated":true}]}}